{"id":501,"date":"2017-03-08T21:07:00","date_gmt":"2017-03-08T21:07:00","guid":{"rendered":"http:\/\/democontent.outtheboxthemes.com\/citylogic\/?page_id=501"},"modified":"2026-03-30T18:16:05","modified_gmt":"2026-03-30T16:16:05","slug":"full-width","status":"publish","type":"page","link":"https:\/\/mont-sur-meurthe.fr\/index.php\/full-width\/","title":{"rendered":"Conseil municipal"},"content":{"rendered":"\t\t<div data-elementor-type=\"wp-page\" data-elementor-id=\"501\" class=\"elementor elementor-501\">\n\t\t\t\t\t\t<section class=\"elementor-section elementor-top-section elementor-element elementor-element-48041e8 elementor-section-boxed elementor-section-height-default elementor-section-height-default\" data-id=\"48041e8\" data-element_type=\"section\" data-e-type=\"section\">\n\t\t\t\t\t\t<div class=\"elementor-container elementor-column-gap-default\">\n\t\t\t\t\t<div class=\"elementor-column elementor-col-100 elementor-top-column elementor-element elementor-element-7bd00a5\" data-id=\"7bd00a5\" data-element_type=\"column\" data-e-type=\"column\">\n\t\t\t<div class=\"elementor-widget-wrap elementor-element-populated\">\n\t\t\t\t\t\t<div class=\"elementor-element elementor-element-169c43e elementor-position-top elementor-widget elementor-widget-image-box\" data-id=\"169c43e\" data-element_type=\"widget\" data-e-type=\"widget\" data-widget_type=\"image-box.default\">\n\t\t\t\t<div class=\"elementor-widget-container\">\n\t\t\t\t\t<div class=\"elementor-image-box-wrapper\"><figure class=\"elementor-image-box-img\"><img fetchpriority=\"high\" decoding=\"async\" width=\"262\" height=\"300\" src=\"https:\/\/mont-sur-meurthe.fr\/wp-content\/uploads\/2026\/03\/Jonathan-262x300.png\" class=\"elementor-animation-rotate attachment-medium size-medium wp-image-6076\" alt=\"\" srcset=\"https:\/\/mont-sur-meurthe.fr\/wp-content\/uploads\/2026\/03\/Jonathan-262x300.png 262w, https:\/\/mont-sur-meurthe.fr\/wp-content\/uploads\/2026\/03\/Jonathan.png 355w\" sizes=\"(max-width: 262px) 100vw, 262px\" \/><\/figure><div class=\"elementor-image-box-content\"><h4 class=\"elementor-image-box-title\">Jonathan KURKIENCY<\/h4><p class=\"elementor-image-box-description\"><b>Maire<\/b><\/p><\/div><\/div>\t\t\t\t<\/div>\n\t\t\t\t<\/div>\n\t\t\t\t\t<\/div>\n\t\t<\/div>\n\t\t\t\t\t<\/div>\n\t\t<\/section>\n\t\t\t\t<section class=\"elementor-section elementor-top-section elementor-element elementor-element-7348db5 elementor-section-boxed elementor-section-height-default elementor-section-height-default\" data-id=\"7348db5\" data-element_type=\"section\" data-e-type=\"section\">\n\t\t\t\t\t\t<div class=\"elementor-container elementor-column-gap-default\">\n\t\t\t\t\t<div class=\"elementor-column elementor-col-25 elementor-top-column elementor-element elementor-element-32dcf70\" data-id=\"32dcf70\" data-element_type=\"column\" data-e-type=\"column\">\n\t\t\t<div class=\"elementor-widget-wrap elementor-element-populated\">\n\t\t\t\t\t\t<div class=\"elementor-element elementor-element-3b16c32 elementor-position-top elementor-widget elementor-widget-image-box\" data-id=\"3b16c32\" data-element_type=\"widget\" data-e-type=\"widget\" data-widget_type=\"image-box.default\">\n\t\t\t\t<div class=\"elementor-widget-container\">\n\t\t\t\t\t<div class=\"elementor-image-box-wrapper\"><figure class=\"elementor-image-box-img\"><img decoding=\"async\" width=\"355\" height=\"409\" src=\"https:\/\/mont-sur-meurthe.fr\/wp-content\/uploads\/2026\/03\/Elise.png\" class=\"attachment-full size-full wp-image-6083\" alt=\"\" srcset=\"https:\/\/mont-sur-meurthe.fr\/wp-content\/uploads\/2026\/03\/Elise.png 355w, https:\/\/mont-sur-meurthe.fr\/wp-content\/uploads\/2026\/03\/Elise-260x300.png 260w\" sizes=\"(max-width: 355px) 100vw, 355px\" \/><\/figure><div class=\"elementor-image-box-content\"><h4 class=\"elementor-image-box-title\">Elise DOYOTTE<\/h4><p class=\"elementor-image-box-description\"><b>Adjointe au Maire<\/b><\/p><\/div><\/div>\t\t\t\t<\/div>\n\t\t\t\t<\/div>\n\t\t\t\t\t<\/div>\n\t\t<\/div>\n\t\t\t\t<div class=\"elementor-column elementor-col-25 elementor-top-column elementor-element elementor-element-d8f2773\" data-id=\"d8f2773\" data-element_type=\"column\" data-e-type=\"column\">\n\t\t\t<div class=\"elementor-widget-wrap elementor-element-populated\">\n\t\t\t\t\t\t<div class=\"elementor-element elementor-element-007e371 elementor-position-top elementor-widget elementor-widget-image-box\" data-id=\"007e371\" data-element_type=\"widget\" data-e-type=\"widget\" data-widget_type=\"image-box.default\">\n\t\t\t\t<div class=\"elementor-widget-container\">\n\t\t\t\t\t<div class=\"elementor-image-box-wrapper\"><figure class=\"elementor-image-box-img\"><img decoding=\"async\" width=\"358\" height=\"408\" src=\"https:\/\/mont-sur-meurthe.fr\/wp-content\/uploads\/2026\/03\/Jhonny.png\" class=\"attachment-full size-full wp-image-6087\" alt=\"\" srcset=\"https:\/\/mont-sur-meurthe.fr\/wp-content\/uploads\/2026\/03\/Jhonny.png 358w, https:\/\/mont-sur-meurthe.fr\/wp-content\/uploads\/2026\/03\/Jhonny-263x300.png 263w\" sizes=\"(max-width: 358px) 100vw, 358px\" \/><\/figure><div class=\"elementor-image-box-content\"><h4 class=\"elementor-image-box-title\">Jhonny MOUTON<\/h4><p class=\"elementor-image-box-description\"><b>Adjoint au Maire<\/b><\/p><\/div><\/div>\t\t\t\t<\/div>\n\t\t\t\t<\/div>\n\t\t\t\t\t<\/div>\n\t\t<\/div>\n\t\t\t\t<div class=\"elementor-column elementor-col-25 elementor-top-column elementor-element elementor-element-89bc36c\" data-id=\"89bc36c\" data-element_type=\"column\" data-e-type=\"column\">\n\t\t\t<div class=\"elementor-widget-wrap elementor-element-populated\">\n\t\t\t\t\t\t<div class=\"elementor-element elementor-element-f8c8969 elementor-position-top elementor-widget elementor-widget-image-box\" data-id=\"f8c8969\" data-element_type=\"widget\" data-e-type=\"widget\" data-widget_type=\"image-box.default\">\n\t\t\t\t<div class=\"elementor-widget-container\">\n\t\t\t\t\t<div class=\"elementor-image-box-wrapper\"><figure class=\"elementor-image-box-img\"><img loading=\"lazy\" decoding=\"async\" width=\"355\" height=\"405\" src=\"https:\/\/mont-sur-meurthe.fr\/wp-content\/uploads\/2026\/03\/Edith.png\" class=\"attachment-full size-full wp-image-6088\" alt=\"\" srcset=\"https:\/\/mont-sur-meurthe.fr\/wp-content\/uploads\/2026\/03\/Edith.png 355w, https:\/\/mont-sur-meurthe.fr\/wp-content\/uploads\/2026\/03\/Edith-263x300.png 263w\" sizes=\"(max-width: 355px) 100vw, 355px\" \/><\/figure><div class=\"elementor-image-box-content\"><h4 class=\"elementor-image-box-title\">Edith GROS<\/h4><p class=\"elementor-image-box-description\"><b>Adjointe au Maire<\/b><\/p><\/div><\/div>\t\t\t\t<\/div>\n\t\t\t\t<\/div>\n\t\t\t\t\t<\/div>\n\t\t<\/div>\n\t\t\t\t<div class=\"elementor-column elementor-col-25 elementor-top-column elementor-element elementor-element-ab8f8bf\" data-id=\"ab8f8bf\" data-element_type=\"column\" data-e-type=\"column\">\n\t\t\t<div class=\"elementor-widget-wrap elementor-element-populated\">\n\t\t\t\t\t\t<div class=\"elementor-element elementor-element-200ca88 elementor-position-top elementor-widget elementor-widget-image-box\" data-id=\"200ca88\" data-element_type=\"widget\" data-e-type=\"widget\" data-widget_type=\"image-box.default\">\n\t\t\t\t<div class=\"elementor-widget-container\">\n\t\t\t\t\t<div class=\"elementor-image-box-wrapper\"><figure class=\"elementor-image-box-img\"><img loading=\"lazy\" decoding=\"async\" width=\"357\" height=\"408\" src=\"https:\/\/mont-sur-meurthe.fr\/wp-content\/uploads\/2026\/03\/Etienne.png\" class=\"attachment-full size-full wp-image-6092\" alt=\"\" srcset=\"https:\/\/mont-sur-meurthe.fr\/wp-content\/uploads\/2026\/03\/Etienne.png 357w, https:\/\/mont-sur-meurthe.fr\/wp-content\/uploads\/2026\/03\/Etienne-263x300.png 263w\" sizes=\"(max-width: 357px) 100vw, 357px\" \/><\/figure><div class=\"elementor-image-box-content\"><h4 class=\"elementor-image-box-title\">Etienne BERTRAND<\/h4><p class=\"elementor-image-box-description\"><b>Adjoint au Maire<\/b><\/p><\/div><\/div>\t\t\t\t<\/div>\n\t\t\t\t<\/div>\n\t\t\t\t\t<\/div>\n\t\t<\/div>\n\t\t\t\t\t<\/div>\n\t\t<\/section>\n\t\t\t\t<section class=\"elementor-section elementor-top-section elementor-element elementor-element-0ab6ac0 elementor-section-boxed elementor-section-height-default elementor-section-height-default\" data-id=\"0ab6ac0\" data-element_type=\"section\" data-e-type=\"section\">\n\t\t\t\t\t\t<div class=\"elementor-container elementor-column-gap-default\">\n\t\t\t\t\t<div class=\"elementor-column elementor-col-25 elementor-top-column elementor-element elementor-element-8b2506b\" data-id=\"8b2506b\" data-element_type=\"column\" data-e-type=\"column\">\n\t\t\t<div class=\"elementor-widget-wrap elementor-element-populated\">\n\t\t\t\t\t\t<div class=\"elementor-element elementor-element-d901160 elementor-position-top elementor-widget elementor-widget-image-box\" data-id=\"d901160\" data-element_type=\"widget\" data-e-type=\"widget\" data-widget_type=\"image-box.default\">\n\t\t\t\t<div class=\"elementor-widget-container\">\n\t\t\t\t\t<div class=\"elementor-image-box-wrapper\"><figure class=\"elementor-image-box-img\"><img loading=\"lazy\" decoding=\"async\" width=\"355\" height=\"408\" src=\"https:\/\/mont-sur-meurthe.fr\/wp-content\/uploads\/2026\/03\/Jessica.png\" class=\"attachment-full size-full wp-image-6097\" alt=\"\" srcset=\"https:\/\/mont-sur-meurthe.fr\/wp-content\/uploads\/2026\/03\/Jessica.png 355w, https:\/\/mont-sur-meurthe.fr\/wp-content\/uploads\/2026\/03\/Jessica-261x300.png 261w\" sizes=\"(max-width: 355px) 100vw, 355px\" \/><\/figure><div class=\"elementor-image-box-content\"><h3 class=\"elementor-image-box-title\">Jessica HOFFMANN<\/h3><p class=\"elementor-image-box-description\"><b>Conseill\u00e8re municipale<\/b><\/p><\/div><\/div>\t\t\t\t<\/div>\n\t\t\t\t<\/div>\n\t\t\t\t\t<\/div>\n\t\t<\/div>\n\t\t\t\t<div class=\"elementor-column elementor-col-25 elementor-top-column elementor-element elementor-element-4961cf9\" data-id=\"4961cf9\" data-element_type=\"column\" data-e-type=\"column\">\n\t\t\t<div class=\"elementor-widget-wrap elementor-element-populated\">\n\t\t\t\t\t\t<div class=\"elementor-element elementor-element-d6e3b81 elementor-position-top elementor-widget elementor-widget-image-box\" data-id=\"d6e3b81\" data-element_type=\"widget\" data-e-type=\"widget\" data-widget_type=\"image-box.default\">\n\t\t\t\t<div class=\"elementor-widget-container\">\n\t\t\t\t\t<div class=\"elementor-image-box-wrapper\"><figure class=\"elementor-image-box-img\"><img loading=\"lazy\" decoding=\"async\" width=\"355\" height=\"406\" src=\"https:\/\/mont-sur-meurthe.fr\/wp-content\/uploads\/2026\/03\/Frederic.png\" class=\"attachment-full size-full wp-image-6098\" alt=\"\" srcset=\"https:\/\/mont-sur-meurthe.fr\/wp-content\/uploads\/2026\/03\/Frederic.png 355w, https:\/\/mont-sur-meurthe.fr\/wp-content\/uploads\/2026\/03\/Frederic-262x300.png 262w\" sizes=\"(max-width: 355px) 100vw, 355px\" \/><\/figure><div class=\"elementor-image-box-content\"><h3 class=\"elementor-image-box-title\">Fr\u00e9deric MAUSSION<\/h3><p class=\"elementor-image-box-description\"><b>Conseiller municipal<\/b><\/p><\/div><\/div>\t\t\t\t<\/div>\n\t\t\t\t<\/div>\n\t\t\t\t\t<\/div>\n\t\t<\/div>\n\t\t\t\t<div class=\"elementor-column elementor-col-25 elementor-top-column elementor-element elementor-element-e7e9684\" data-id=\"e7e9684\" data-element_type=\"column\" data-e-type=\"column\">\n\t\t\t<div class=\"elementor-widget-wrap elementor-element-populated\">\n\t\t\t\t\t\t<div class=\"elementor-element elementor-element-1385dfe elementor-position-top elementor-widget elementor-widget-image-box\" data-id=\"1385dfe\" data-element_type=\"widget\" data-e-type=\"widget\" data-widget_type=\"image-box.default\">\n\t\t\t\t<div class=\"elementor-widget-container\">\n\t\t\t\t\t<div class=\"elementor-image-box-wrapper\"><figure class=\"elementor-image-box-img\"><img loading=\"lazy\" decoding=\"async\" width=\"355\" height=\"406\" src=\"https:\/\/mont-sur-meurthe.fr\/wp-content\/uploads\/2026\/03\/Fabienne.png\" class=\"attachment-full size-full wp-image-6099\" alt=\"\" srcset=\"https:\/\/mont-sur-meurthe.fr\/wp-content\/uploads\/2026\/03\/Fabienne.png 355w, https:\/\/mont-sur-meurthe.fr\/wp-content\/uploads\/2026\/03\/Fabienne-262x300.png 262w\" sizes=\"(max-width: 355px) 100vw, 355px\" \/><\/figure><div class=\"elementor-image-box-content\"><h3 class=\"elementor-image-box-title\">Fabienne HUNOLT<\/h3><p class=\"elementor-image-box-description\"><b>Conseill\u00e8re municipale<\/b><\/p><\/div><\/div>\t\t\t\t<\/div>\n\t\t\t\t<\/div>\n\t\t\t\t\t<\/div>\n\t\t<\/div>\n\t\t\t\t<div class=\"elementor-column elementor-col-25 elementor-top-column elementor-element elementor-element-563651f\" data-id=\"563651f\" data-element_type=\"column\" data-e-type=\"column\">\n\t\t\t<div class=\"elementor-widget-wrap elementor-element-populated\">\n\t\t\t\t\t\t<div class=\"elementor-element elementor-element-0217a3f elementor-position-top elementor-widget elementor-widget-image-box\" data-id=\"0217a3f\" data-element_type=\"widget\" data-e-type=\"widget\" data-widget_type=\"image-box.default\">\n\t\t\t\t<div class=\"elementor-widget-container\">\n\t\t\t\t\t<div class=\"elementor-image-box-wrapper\"><figure class=\"elementor-image-box-img\"><img loading=\"lazy\" decoding=\"async\" width=\"355\" height=\"408\" src=\"https:\/\/mont-sur-meurthe.fr\/wp-content\/uploads\/2026\/03\/JeanLuc.png\" class=\"attachment-full size-full wp-image-6100\" alt=\"\" srcset=\"https:\/\/mont-sur-meurthe.fr\/wp-content\/uploads\/2026\/03\/JeanLuc.png 355w, https:\/\/mont-sur-meurthe.fr\/wp-content\/uploads\/2026\/03\/JeanLuc-261x300.png 261w\" sizes=\"(max-width: 355px) 100vw, 355px\" \/><\/figure><div class=\"elementor-image-box-content\"><h3 class=\"elementor-image-box-title\">Jean-Luc GROS<\/h3><p class=\"elementor-image-box-description\"><b>Conseiller municipal<\/b><\/p><\/div><\/div>\t\t\t\t<\/div>\n\t\t\t\t<\/div>\n\t\t\t\t\t<\/div>\n\t\t<\/div>\n\t\t\t\t\t<\/div>\n\t\t<\/section>\n\t\t\t\t<section class=\"elementor-section elementor-top-section elementor-element elementor-element-8a48b87 elementor-section-boxed elementor-section-height-default elementor-section-height-default\" data-id=\"8a48b87\" data-element_type=\"section\" data-e-type=\"section\">\n\t\t\t\t\t\t<div class=\"elementor-container elementor-column-gap-default\">\n\t\t\t\t\t<div class=\"elementor-column elementor-col-25 elementor-top-column elementor-element elementor-element-386015f\" data-id=\"386015f\" data-element_type=\"column\" data-e-type=\"column\">\n\t\t\t<div class=\"elementor-widget-wrap elementor-element-populated\">\n\t\t\t\t\t\t<div class=\"elementor-element elementor-element-ab94e2b elementor-position-top elementor-widget elementor-widget-image-box\" data-id=\"ab94e2b\" data-element_type=\"widget\" data-e-type=\"widget\" data-widget_type=\"image-box.default\">\n\t\t\t\t<div class=\"elementor-widget-container\">\n\t\t\t\t\t<div class=\"elementor-image-box-wrapper\"><figure class=\"elementor-image-box-img\"><img loading=\"lazy\" decoding=\"async\" width=\"355\" height=\"405\" src=\"https:\/\/mont-sur-meurthe.fr\/wp-content\/uploads\/2026\/03\/Brigitte.png\" class=\"attachment-full size-full wp-image-6101\" alt=\"\" srcset=\"https:\/\/mont-sur-meurthe.fr\/wp-content\/uploads\/2026\/03\/Brigitte.png 355w, https:\/\/mont-sur-meurthe.fr\/wp-content\/uploads\/2026\/03\/Brigitte-263x300.png 263w\" sizes=\"(max-width: 355px) 100vw, 355px\" \/><\/figure><div class=\"elementor-image-box-content\"><h3 class=\"elementor-image-box-title\">Brigitte BOCQUARD<\/h3><p class=\"elementor-image-box-description\"><b>Conseill\u00e8re municipale<\/b><\/p><\/div><\/div>\t\t\t\t<\/div>\n\t\t\t\t<\/div>\n\t\t\t\t\t<\/div>\n\t\t<\/div>\n\t\t\t\t<div class=\"elementor-column elementor-col-25 elementor-top-column elementor-element elementor-element-eb811cb\" data-id=\"eb811cb\" data-element_type=\"column\" data-e-type=\"column\">\n\t\t\t<div class=\"elementor-widget-wrap elementor-element-populated\">\n\t\t\t\t\t\t<div class=\"elementor-element elementor-element-6d9d6a3 elementor-position-top elementor-widget elementor-widget-image-box\" data-id=\"6d9d6a3\" data-element_type=\"widget\" data-e-type=\"widget\" data-widget_type=\"image-box.default\">\n\t\t\t\t<div class=\"elementor-widget-container\">\n\t\t\t\t\t<div class=\"elementor-image-box-wrapper\"><figure class=\"elementor-image-box-img\"><img loading=\"lazy\" decoding=\"async\" width=\"354\" height=\"408\" src=\"https:\/\/mont-sur-meurthe.fr\/wp-content\/uploads\/2026\/03\/Mickael.png\" class=\"attachment-full size-full wp-image-6102\" alt=\"\" srcset=\"https:\/\/mont-sur-meurthe.fr\/wp-content\/uploads\/2026\/03\/Mickael.png 354w, https:\/\/mont-sur-meurthe.fr\/wp-content\/uploads\/2026\/03\/Mickael-260x300.png 260w\" sizes=\"(max-width: 354px) 100vw, 354px\" \/><\/figure><div class=\"elementor-image-box-content\"><h3 class=\"elementor-image-box-title\">Micka\u00ebl GOBEAUX<\/h3><p class=\"elementor-image-box-description\"><b>Conseiller municipal<\/b><\/p><\/div><\/div>\t\t\t\t<\/div>\n\t\t\t\t<\/div>\n\t\t\t\t\t<\/div>\n\t\t<\/div>\n\t\t\t\t<div class=\"elementor-column elementor-col-25 elementor-top-column elementor-element elementor-element-993b049\" data-id=\"993b049\" data-element_type=\"column\" data-e-type=\"column\">\n\t\t\t<div class=\"elementor-widget-wrap elementor-element-populated\">\n\t\t\t\t\t\t<div class=\"elementor-element elementor-element-7a74ab4 elementor-position-top elementor-widget elementor-widget-image-box\" data-id=\"7a74ab4\" data-element_type=\"widget\" data-e-type=\"widget\" data-widget_type=\"image-box.default\">\n\t\t\t\t<div class=\"elementor-widget-container\">\n\t\t\t\t\t<div class=\"elementor-image-box-wrapper\"><figure class=\"elementor-image-box-img\"><img loading=\"lazy\" decoding=\"async\" width=\"358\" height=\"409\" src=\"https:\/\/mont-sur-meurthe.fr\/wp-content\/uploads\/2026\/03\/Maud.png\" class=\"attachment-full size-full wp-image-6103\" alt=\"\" srcset=\"https:\/\/mont-sur-meurthe.fr\/wp-content\/uploads\/2026\/03\/Maud.png 358w, https:\/\/mont-sur-meurthe.fr\/wp-content\/uploads\/2026\/03\/Maud-263x300.png 263w\" sizes=\"(max-width: 358px) 100vw, 358px\" \/><\/figure><div class=\"elementor-image-box-content\"><h3 class=\"elementor-image-box-title\">Maud HURAUX<\/h3><p class=\"elementor-image-box-description\"><b>Conseill\u00e8re municipale<\/b><\/p><\/div><\/div>\t\t\t\t<\/div>\n\t\t\t\t<\/div>\n\t\t\t\t\t<\/div>\n\t\t<\/div>\n\t\t\t\t<div class=\"elementor-column elementor-col-25 elementor-top-column elementor-element elementor-element-1ac3dfe\" data-id=\"1ac3dfe\" data-element_type=\"column\" data-e-type=\"column\">\n\t\t\t<div class=\"elementor-widget-wrap\">\n\t\t\t\t\t\t\t<\/div>\n\t\t<\/div>\n\t\t\t\t\t<\/div>\n\t\t<\/section>\n\t\t\t\t<section class=\"elementor-section elementor-top-section elementor-element elementor-element-b7432d1 elementor-section-boxed elementor-section-height-default elementor-section-height-default\" data-id=\"b7432d1\" data-element_type=\"section\" data-e-type=\"section\">\n\t\t\t\t\t\t<div class=\"elementor-container elementor-column-gap-default\">\n\t\t\t\t\t<div class=\"elementor-column elementor-col-25 elementor-top-column elementor-element elementor-element-459f1fc\" data-id=\"459f1fc\" data-element_type=\"column\" data-e-type=\"column\">\n\t\t\t<div class=\"elementor-widget-wrap elementor-element-populated\">\n\t\t\t\t\t\t<div class=\"elementor-element elementor-element-7b4dffa elementor-position-top elementor-widget elementor-widget-image-box\" data-id=\"7b4dffa\" data-element_type=\"widget\" data-e-type=\"widget\" data-widget_type=\"image-box.default\">\n\t\t\t\t<div class=\"elementor-widget-container\">\n\t\t\t\t\t<div class=\"elementor-image-box-wrapper\"><figure class=\"elementor-image-box-img\"><img loading=\"lazy\" decoding=\"async\" width=\"130\" height=\"167\" src=\"https:\/\/mont-sur-meurthe.fr\/wp-content\/uploads\/2022\/03\/ESchockmel.jpg\" class=\"attachment-full size-full wp-image-5421\" alt=\"\" \/><\/figure><div class=\"elementor-image-box-content\"><h3 class=\"elementor-image-box-title\">Eric SCHOCKMEL<\/h3><p class=\"elementor-image-box-description\"><b>Conseiller municipal<\/b><br>\n<b><font color=\"red\">A d\u00e9mission\u00e9<\/font><\/b><\/p><\/div><\/div>\t\t\t\t<\/div>\n\t\t\t\t<\/div>\n\t\t\t\t\t<\/div>\n\t\t<\/div>\n\t\t\t\t<div class=\"elementor-column elementor-col-25 elementor-top-column elementor-element elementor-element-e47d99e\" data-id=\"e47d99e\" data-element_type=\"column\" data-e-type=\"column\">\n\t\t\t<div class=\"elementor-widget-wrap elementor-element-populated\">\n\t\t\t\t\t\t<div class=\"elementor-element elementor-element-5ebcb52 elementor-position-top elementor-widget elementor-widget-image-box\" data-id=\"5ebcb52\" data-element_type=\"widget\" data-e-type=\"widget\" data-widget_type=\"image-box.default\">\n\t\t\t\t<div class=\"elementor-widget-container\">\n\t\t\t\t\t<div class=\"elementor-image-box-wrapper\"><figure class=\"elementor-image-box-img\"><img loading=\"lazy\" decoding=\"async\" width=\"355\" height=\"406\" src=\"https:\/\/mont-sur-meurthe.fr\/wp-content\/uploads\/2026\/03\/Amandine.png\" class=\"attachment-full size-full wp-image-6113\" alt=\"\" srcset=\"https:\/\/mont-sur-meurthe.fr\/wp-content\/uploads\/2026\/03\/Amandine.png 355w, https:\/\/mont-sur-meurthe.fr\/wp-content\/uploads\/2026\/03\/Amandine-262x300.png 262w\" sizes=\"(max-width: 355px) 100vw, 355px\" \/><\/figure><div class=\"elementor-image-box-content\"><h3 class=\"elementor-image-box-title\">Amandine CONE<\/h3><p class=\"elementor-image-box-description\"><b>Conseill\u00e8re municipale<\/b><\/p><\/div><\/div>\t\t\t\t<\/div>\n\t\t\t\t<\/div>\n\t\t\t\t\t<\/div>\n\t\t<\/div>\n\t\t\t\t<div class=\"elementor-column elementor-col-25 elementor-top-column elementor-element elementor-element-dd02fe3\" data-id=\"dd02fe3\" data-element_type=\"column\" data-e-type=\"column\">\n\t\t\t<div class=\"elementor-widget-wrap elementor-element-populated\">\n\t\t\t\t\t\t<div class=\"elementor-element elementor-element-4b21065 elementor-position-top elementor-widget elementor-widget-image-box\" data-id=\"4b21065\" data-element_type=\"widget\" data-e-type=\"widget\" data-widget_type=\"image-box.default\">\n\t\t\t\t<div class=\"elementor-widget-container\">\n\t\t\t\t\t<div class=\"elementor-image-box-wrapper\"><figure class=\"elementor-image-box-img\"><img loading=\"lazy\" decoding=\"async\" width=\"355\" height=\"406\" src=\"https:\/\/mont-sur-meurthe.fr\/wp-content\/uploads\/2026\/03\/Thibaut.png\" class=\"attachment-full size-full wp-image-6114\" alt=\"\" srcset=\"https:\/\/mont-sur-meurthe.fr\/wp-content\/uploads\/2026\/03\/Thibaut.png 355w, https:\/\/mont-sur-meurthe.fr\/wp-content\/uploads\/2026\/03\/Thibaut-262x300.png 262w\" sizes=\"(max-width: 355px) 100vw, 355px\" \/><\/figure><div class=\"elementor-image-box-content\"><h3 class=\"elementor-image-box-title\">Thibaut JEOL<\/h3><p class=\"elementor-image-box-description\"><b>Conseiller municipal<\/b><\/p><\/div><\/div>\t\t\t\t<\/div>\n\t\t\t\t<\/div>\n\t\t\t\t\t<\/div>\n\t\t<\/div>\n\t\t\t\t<div class=\"elementor-column elementor-col-25 elementor-top-column elementor-element elementor-element-55b7779\" data-id=\"55b7779\" data-element_type=\"column\" data-e-type=\"column\">\n\t\t\t<div class=\"elementor-widget-wrap\">\n\t\t\t\t\t\t\t<\/div>\n\t\t<\/div>\n\t\t\t\t\t<\/div>\n\t\t<\/section>\n\t\t\t\t<\/div>\n\t\t","protected":false},"excerpt":{"rendered":"<p>Jonathan KURKIENCY Maire Elise DOYOTTE Adjointe au Maire Jhonny MOUTON Adjoint au Maire Edith GROS Adjointe au Maire Etienne BERTRAND Adjoint au Maire Jessica HOFFMANN Conseill\u00e8re municipale Fr\u00e9deric MAUSSION Conseiller municipal Fabienne HUNOLT Conseill\u00e8re municipale Jean-Luc GROS Conseiller municipal Brigitte BOCQUARD Conseill\u00e8re municipale Micka\u00ebl GOBEAUX Conseiller municipal Maud HURAUX Conseill\u00e8re municipale Eric SCHOCKMEL Conseiller municipal <a href=\"https:\/\/mont-sur-meurthe.fr\/index.php\/full-width\/\" class=\"read-more below\">READ MORE<\/a><\/p>\n","protected":false},"author":1,"featured_media":0,"parent":0,"menu_order":0,"comment_status":"closed","ping_status":"open","template":"template-full-width.php","meta":{"_monsterinsights_skip_tracking":false,"_monsterinsights_sitenote_active":false,"_monsterinsights_sitenote_note":"","_monsterinsights_sitenote_category":0,"_uf_show_specific_survey":0,"_uf_disable_surveys":false,"footnotes":""},"class_list":["post-501","page","type-page","status-publish","hentry"],"aioseo_notices":[],"_links":{"self":[{"href":"https:\/\/mont-sur-meurthe.fr\/index.php\/wp-json\/wp\/v2\/pages\/501","targetHints":{"allow":["GET"]}}],"collection":[{"href":"https:\/\/mont-sur-meurthe.fr\/index.php\/wp-json\/wp\/v2\/pages"}],"about":[{"href":"https:\/\/mont-sur-meurthe.fr\/index.php\/wp-json\/wp\/v2\/types\/page"}],"author":[{"embeddable":true,"href":"https:\/\/mont-sur-meurthe.fr\/index.php\/wp-json\/wp\/v2\/users\/1"}],"replies":[{"embeddable":true,"href":"https:\/\/mont-sur-meurthe.fr\/index.php\/wp-json\/wp\/v2\/comments?post=501"}],"version-history":[{"count":77,"href":"https:\/\/mont-sur-meurthe.fr\/index.php\/wp-json\/wp\/v2\/pages\/501\/revisions"}],"predecessor-version":[{"id":6117,"href":"https:\/\/mont-sur-meurthe.fr\/index.php\/wp-json\/wp\/v2\/pages\/501\/revisions\/6117"}],"wp:attachment":[{"href":"https:\/\/mont-sur-meurthe.fr\/index.php\/wp-json\/wp\/v2\/media?parent=501"}],"curies":[{"name":"wp","href":"https:\/\/api.w.org\/{rel}","templated":true}]}}