{"id":5114,"date":"2022-03-18T18:35:13","date_gmt":"2022-03-18T17:35:13","guid":{"rendered":"http:\/\/mont-sur-meurthe.fr\/?page_id=5114"},"modified":"2026-03-30T17:59:07","modified_gmt":"2026-03-30T15:59:07","slug":"presentation","status":"publish","type":"page","link":"https:\/\/mont-sur-meurthe.fr\/index.php\/presentation\/","title":{"rendered":"Pr\u00e9sentation"},"content":{"rendered":"<div class=\"wp-block-image\">\n<figure class=\"aligncenter size-full is-resized\"><img fetchpriority=\"high\" decoding=\"async\" width=\"941\" height=\"671\" src=\"https:\/\/mont-sur-meurthe.fr\/wp-content\/uploads\/2022\/03\/panneauMSM.jpg\" alt=\"\" class=\"wp-image-5401\" style=\"width:420px;height:299px\" srcset=\"https:\/\/mont-sur-meurthe.fr\/wp-content\/uploads\/2022\/03\/panneauMSM.jpg 941w, https:\/\/mont-sur-meurthe.fr\/wp-content\/uploads\/2022\/03\/panneauMSM-300x214.jpg 300w, https:\/\/mont-sur-meurthe.fr\/wp-content\/uploads\/2022\/03\/panneauMSM-768x548.jpg 768w, https:\/\/mont-sur-meurthe.fr\/wp-content\/uploads\/2022\/03\/panneauMSM-600x428.jpg 600w\" sizes=\"(max-width: 941px) 100vw, 941px\" \/><\/figure>\n<\/div>\n\n\n<figure class=\"wp-block-table\"><table><tbody><tr><th scope=\"row\"><strong>R\u00e9gion<\/strong><\/th><td>Grand Est, Lorraine<\/td><\/tr><tr><th scope=\"row\"><strong>D\u00e9partement<\/strong><\/th><td>Meurthe-et-Moselle<\/td><\/tr><tr><th scope=\"row\"><strong>Arrondissement<\/strong><\/th><td>Arrondissement de Lun\u00e9ville<\/td><\/tr><tr><th scope=\"row\"><strong>Canton<\/strong><\/th><td>Canton de Gerb\u00e9viller<\/td><\/tr><tr><th scope=\"row\"><strong>Intercommunalit\u00e9<\/strong><\/th><td>Communaut\u00e9 de communes Meurthe, Mortagne,Moselle<\/td><\/tr><tr><th scope=\"row\"><strong>Inspection acad\u00e9mique<\/strong><\/th><td>Circonscription de Blainville-sur-l&rsquo;Eau<\/td><\/tr><tr><th scope=\"row\"><strong>Maire<\/strong><\/th><td>Jonathan Kurkiency<\/td><\/tr><tr><th scope=\"row\"><strong>Code postal<\/strong><\/th><td>54360<\/td><\/tr><tr><th scope=\"row\"><strong>Code commune<\/strong><\/th><td>54383<\/td><\/tr><tr><th scope=\"col\">D\u00e9mographie<\/th><\/tr><tr><th scope=\"row\"><strong>Population<br>municipale<\/strong><\/th><td>1\u00a0148\u00a0hab.\u00a0<small>(2023)<\/small><\/td><\/tr><tr><th scope=\"row\"><strong>Densit\u00e9<\/strong><\/th><td>119&nbsp;hab.\/km<sup>2<\/sup><\/td><\/tr><tr><th scope=\"col\">G\u00e9ographie<\/th><\/tr><tr><th scope=\"row\"><strong>Coordonn\u00e9es<\/strong><\/th><td>48\u00b0 33\u2032 20\u2033 Nord&nbsp;6\u00b0 26\u2032 37\u2033 Est&nbsp;\/&nbsp;48.5556, 6.4436&nbsp;&nbsp;<\/td><\/tr><tr><th scope=\"row\"><strong>Altitude<\/strong><\/th><td>Min.&nbsp;216&nbsp;m&nbsp;\u2013 Max.&nbsp;277&nbsp;m<\/td><\/tr><tr><th scope=\"row\"><strong>Superficie<\/strong><\/th><td>9,51&nbsp;km<sup>2<\/sup><\/td><\/tr><\/tbody><\/table><\/figure>\n\n\n\n<h3 class=\"wp-block-heading\">BLASON<\/h3>\n\n\n<div class=\"wp-block-image\">\n<figure class=\"aligncenter size-full is-resized\"><img decoding=\"async\" width=\"512\" height=\"512\" src=\"https:\/\/mont-sur-meurthe.fr\/wp-content\/uploads\/2022\/03\/cropped-iconeblason.png\" alt=\"\" class=\"wp-image-9\" style=\"width:146px;height:146px\" srcset=\"https:\/\/mont-sur-meurthe.fr\/wp-content\/uploads\/2022\/03\/cropped-iconeblason.png 512w, https:\/\/mont-sur-meurthe.fr\/wp-content\/uploads\/2022\/03\/cropped-iconeblason-300x300.png 300w, https:\/\/mont-sur-meurthe.fr\/wp-content\/uploads\/2022\/03\/cropped-iconeblason-150x150.png 150w, https:\/\/mont-sur-meurthe.fr\/wp-content\/uploads\/2022\/03\/cropped-iconeblason-270x270.png 270w, https:\/\/mont-sur-meurthe.fr\/wp-content\/uploads\/2022\/03\/cropped-iconeblason-192x192.png 192w, https:\/\/mont-sur-meurthe.fr\/wp-content\/uploads\/2022\/03\/cropped-iconeblason-180x180.png 180w, https:\/\/mont-sur-meurthe.fr\/wp-content\/uploads\/2022\/03\/cropped-iconeblason-32x32.png 32w\" sizes=\"(max-width: 512px) 100vw, 512px\" \/><\/figure>\n<\/div>\n\n\n<p><em>D&rsquo;azur au pairle renvers\u00e9 d&rsquo;argent accompagn\u00e9 en chef de deux pattes d&rsquo;aigle ongl\u00e9es issantes des flancs de l&rsquo;\u00e9cu et en pointe d&rsquo;une \u00e9toile de m\u00eame.<\/em><\/p>\n\n\n\n<p>Ce blason s&rsquo;inspire de celui de la famille Des Fours, seigneur du lieu aux XVII\u00b0 et XVIII\u00b0 si\u00e8cles. Le chevron port\u00e9 par cette famille est transform\u00e9 en pairle renvers\u00e9 pour indiquer que Mont sur Meurthe se trouve au confluent de la Mortagne et de la Meurthe. Le pairle renvers\u00e9 d\u00e9limite un triangle d&rsquo;azur en pointe, ce qui peut faire penser \u00e0 un \u00ab\u00a0mont\u00a0\u00bb.&nbsp;<\/p>\n\n\n\n<div style=\"height:49px\" aria-hidden=\"true\" class=\"wp-block-spacer\"><\/div>\n\n\n\n<h3 class=\"wp-block-heading\">HISTOIRE<\/h3>\n\n\n\n<p>Mont-sur-Meurthe est connu sous les noms suivants&nbsp;:<\/p>\n\n\n\n<ul class=\"wp-block-list\">\n<li>Montis en 1114<\/li>\n\n\n\n<li>Monz en 1120<\/li>\n\n\n\n<li>Mons en 1315<\/li>\n\n\n\n<li>Montes en 1402<\/li>\n\n\n\n<li>Mon en 1481<\/li>\n\n\n\n<li>Monts en 1789<\/li>\n<\/ul>\n\n\n\n<p>Le village doit son origine \u00e0 la p\u00e9riode&nbsp;<strong>gallo-romaine<\/strong>. Une villa, appel\u00e9e \u00ab&nbsp;<em>Montano<\/em>&nbsp;\u00bb, pr\u00e9tend la tradition, fut b\u00e2tie par les Romains, le long de la route Mont \u00e0 Xermam\u00e9nil. Des d\u00e9bris de poterie, des fragments de vases, des pi\u00e8ces de monnaie (dat\u00e9es de 110 \u00e0 192 apr\u00e8s J.-C.) ont \u00e9t\u00e9 retrouv\u00e9s en 1911.<\/p>\n\n\n\n<p>Mont-sur Meurthe fut enti\u00e8rement br\u00fbl\u00e9 et d\u00e9truit par les Su\u00e9dois en 1675. \u00ab&nbsp;En fait, la date correspond \u00e0 un \u00e9pisode de la lib\u00e9ration de la Hollande de la pr\u00e9sence espagnole. La guerre dite de Hollande n\u2019\u00e9tait pas seulement hollandaise mais aussi fran\u00e7aise, car le roi de France, menac\u00e9 d\u2019encerclement par l\u2019Espagne, luttait contre l\u2019Empire. \u00c0 cette date, Mont-sur-Meurthe faisait partie du&nbsp;Saint-Empire romain germanique et le duc de Lorraine (futur empereur) \u00e9tait en lutte ouverte contre le roi. Ce qui signifie que ce sont les soldats du roi de France qui ont br\u00fbl\u00e9 le village et non les Su\u00e9dois. La Su\u00e8de avait retir\u00e9 ses arm\u00e9es depuis 1634 et ne s\u2019\u00e9tait jamais aventur\u00e9e aussi loin en Lorraine (guerre de Trente Ans&nbsp;: 1618-1648). En 1675, elle s\u2019int\u00e9ressait plut\u00f4t \u00e0 la Pologne qui \u00e9tait bien plus proche.&nbsp;\u00bb<\/p>\n\n\n\n<p>Il ne restait que deux m\u00e9nages en 1712. C\u2019est vers 1768 que la population augmenta avec l\u2019arriv\u00e9e \u00ab&nbsp;d\u2019\u00e9trangers&nbsp;\u00bb. La terre de mont appartenait \u00e0 diff\u00e9rent seigneurs.<\/p>\n\n\n\n<p>Mont Sur Meurthe&nbsp;allait conna\u00eetre \u00e0 nouveau les affres de la guerre. Le 24 ao\u00fbt 1914, le village est bombard\u00e9, son pont d\u00e9truit, 13 maisons incendi\u00e9es. Il sera reb\u00e2ti.<\/p>\n\n\n\n<p>En ce qui concerne la guerre 1939-1945, Mont Sur Meurthe&nbsp;a souffert comme toutes les communes voisines&nbsp;: privations, d\u00e9portation&#8230; Une fois de plus, son pont sur la Meurthe sauta la derni\u00e8re ann\u00e9e des hostilit\u00e9s.<\/p>\n\n\n\n<div style=\"height:49px\" aria-hidden=\"true\" class=\"wp-block-spacer\"><\/div>\n\n\n\n<h3 class=\"wp-block-heading\">D\u00c9MOGRAPHIE<\/h3>\n\n\n\n<p>En 2017, la commune comptait 1&nbsp;114 habitants. L&rsquo;\u00e9volution du nombre d&rsquo;habitants est connue \u00e0 travers les recensements de la population effectu\u00e9s dans la commune depuis 1793. \u00c0 partir du&nbsp;XXI<sup>e<\/sup>&nbsp;si\u00e8cle, les recensements r\u00e9els des communes de moins de&nbsp;10&nbsp;000&nbsp;habitants&nbsp;ont lieu tous les cinq ans, contrairement aux autres communes qui ont une enqu\u00eate par sondage chaque ann\u00e9e.<\/p>\n\n\n<div class=\"wp-block-image\">\n<figure class=\"aligncenter size-full\"><img decoding=\"async\" width=\"1179\" height=\"478\" src=\"https:\/\/mont-sur-meurthe.fr\/wp-content\/uploads\/2026\/03\/Demographie2026.png\" alt=\"\" class=\"wp-image-6074\" srcset=\"https:\/\/mont-sur-meurthe.fr\/wp-content\/uploads\/2026\/03\/Demographie2026.png 1179w, https:\/\/mont-sur-meurthe.fr\/wp-content\/uploads\/2026\/03\/Demographie2026-300x122.png 300w, https:\/\/mont-sur-meurthe.fr\/wp-content\/uploads\/2026\/03\/Demographie2026-1024x415.png 1024w, https:\/\/mont-sur-meurthe.fr\/wp-content\/uploads\/2026\/03\/Demographie2026-768x311.png 768w, https:\/\/mont-sur-meurthe.fr\/wp-content\/uploads\/2026\/03\/Demographie2026-600x243.png 600w\" sizes=\"(max-width: 1179px) 100vw, 1179px\" \/><\/figure>\n<\/div>\n\n\n<div style=\"height:49px\" aria-hidden=\"true\" class=\"wp-block-spacer\"><\/div>\n\n\n\n<h3 class=\"wp-block-heading\">POLITIQUE ET ADMINISTRATION<\/h3>\n\n\n\n<ul class=\"wp-block-list\">\n<li>1871-1878 : Mr POIROT Victor<\/li>\n\n\n\n<li>1878-1888 : Mr MAILLET Nicolas<\/li>\n\n\n\n<li>1888-1898 : Mr MUNIER Jean Baptiste<\/li>\n\n\n\n<li>1898-1925 : Mr ANDRE Augustin<\/li>\n\n\n\n<li>1925-1945 : Mr LAZARE Jean<\/li>\n\n\n\n<li>1945-1965 : Mr MAGOT Andr\u00e9<\/li>\n\n\n\n<li>1965-1977 : Mr DELBEKE Andr\u00e9<\/li>\n\n\n\n<li>1983-2014 : Mr WILLER Yves<\/li>\n\n\n\n<li>2014-\u00a0\u00a0\u00a0\u00a0\u00a0 \u00a0 \u00a0 : Mr KURKIENCY Jonathan<\/li>\n<\/ul>\n","protected":false},"excerpt":{"rendered":"<p>R\u00e9gion Grand Est, Lorraine D\u00e9partement Meurthe-et-Moselle Arrondissement Arrondissement de Lun\u00e9ville Canton Canton de Gerb\u00e9viller Intercommunalit\u00e9 Communaut\u00e9 de communes Meurthe, Mortagne,Moselle Inspection acad\u00e9mique Circonscription de Blainville-sur-l&rsquo;Eau Maire Jonathan Kurkiency Code postal 54360 Code commune 54383 D\u00e9mographie Populationmunicipale 1\u00a0148\u00a0hab.\u00a0(2023) Densit\u00e9 119&nbsp;hab.\/km2 G\u00e9ographie Coordonn\u00e9es 48\u00b0 33\u2032 20\u2033 Nord&nbsp;6\u00b0 26\u2032 37\u2033 Est&nbsp;\/&nbsp;48.5556, 6.4436&nbsp;&nbsp; Altitude Min.&nbsp;216&nbsp;m&nbsp;\u2013 Max.&nbsp;277&nbsp;m Superficie 9,51&nbsp;km2 BLASON <a href=\"https:\/\/mont-sur-meurthe.fr\/index.php\/presentation\/\" class=\"read-more below\">READ MORE<\/a><\/p>\n","protected":false},"author":1,"featured_media":0,"parent":0,"menu_order":0,"comment_status":"closed","ping_status":"closed","template":"","meta":{"_monsterinsights_skip_tracking":false,"_monsterinsights_sitenote_active":false,"_monsterinsights_sitenote_note":"","_monsterinsights_sitenote_category":0,"_uf_show_specific_survey":0,"_uf_disable_surveys":false,"footnotes":""},"class_list":["post-5114","page","type-page","status-publish","hentry"],"aioseo_notices":[],"_links":{"self":[{"href":"https:\/\/mont-sur-meurthe.fr\/index.php\/wp-json\/wp\/v2\/pages\/5114","targetHints":{"allow":["GET"]}}],"collection":[{"href":"https:\/\/mont-sur-meurthe.fr\/index.php\/wp-json\/wp\/v2\/pages"}],"about":[{"href":"https:\/\/mont-sur-meurthe.fr\/index.php\/wp-json\/wp\/v2\/types\/page"}],"author":[{"embeddable":true,"href":"https:\/\/mont-sur-meurthe.fr\/index.php\/wp-json\/wp\/v2\/users\/1"}],"replies":[{"embeddable":true,"href":"https:\/\/mont-sur-meurthe.fr\/index.php\/wp-json\/wp\/v2\/comments?post=5114"}],"version-history":[{"count":8,"href":"https:\/\/mont-sur-meurthe.fr\/index.php\/wp-json\/wp\/v2\/pages\/5114\/revisions"}],"predecessor-version":[{"id":6075,"href":"https:\/\/mont-sur-meurthe.fr\/index.php\/wp-json\/wp\/v2\/pages\/5114\/revisions\/6075"}],"wp:attachment":[{"href":"https:\/\/mont-sur-meurthe.fr\/index.php\/wp-json\/wp\/v2\/media?parent=5114"}],"curies":[{"name":"wp","href":"https:\/\/api.w.org\/{rel}","templated":true}]}}