{"id":5118,"date":"2022-03-18T18:35:13","date_gmt":"2022-03-18T17:35:13","guid":{"rendered":"http:\/\/mont-sur-meurthe.fr\/?page_id=5118"},"modified":"2022-03-31T14:45:34","modified_gmt":"2022-03-31T12:45:34","slug":"acte-de-naissance","status":"publish","type":"page","link":"https:\/\/mont-sur-meurthe.fr\/index.php\/acte-de-naissance\/","title":{"rendered":"Acte de naissance"},"content":{"rendered":"\n<div class=\"wp-block-image\"><figure class=\"aligncenter size-full is-resized\"><img fetchpriority=\"high\" decoding=\"async\" src=\"https:\/\/mont-sur-meurthe.fr\/wp-content\/uploads\/2022\/03\/acte-de-naissance.jpg\" alt=\"\" class=\"wp-image-5748\" width=\"296\" height=\"296\" srcset=\"https:\/\/mont-sur-meurthe.fr\/wp-content\/uploads\/2022\/03\/acte-de-naissance.jpg 600w, https:\/\/mont-sur-meurthe.fr\/wp-content\/uploads\/2022\/03\/acte-de-naissance-300x300.jpg 300w, https:\/\/mont-sur-meurthe.fr\/wp-content\/uploads\/2022\/03\/acte-de-naissance-150x150.jpg 150w, https:\/\/mont-sur-meurthe.fr\/wp-content\/uploads\/2022\/03\/acte-de-naissance-45x45.jpg 45w\" sizes=\"(max-width: 296px) 100vw, 296px\" \/><\/figure><\/div>\n\n\n\n<p>L&rsquo;acte de naissance est \u00e0 demander \u00e0 la mairie du lieu de naissance. Toute personne peut obtenir un extrait d&rsquo;acte de naissance sans filiation.<\/p>\n\n\n\n<p>Un acte de naissance de plus de 75 ans est communicable \u00e0 tout requ\u00e9rant sur simple indication des nom, pr\u00e9nom et date de naissance de l&rsquo;int\u00e9ress\u00e9.<\/p>\n\n\n\n<p>Pour obtenir une copie int\u00e9grale ou un extrait avec filiation de moins de 75 ans, il faut en sus pr\u00e9ciser les noms et pr\u00e9noms des parents de l&rsquo;int\u00e9ress\u00e9 et \u00eatre qualifi\u00e9 pour l&rsquo;obtenir (int\u00e9ress\u00e9 majeur, conjoint ou partenaire, ascendants, descendants et personnes habilit\u00e9es par une loi).<\/p>\n\n\n\n<p>Vous recevrez l&rsquo;acte&nbsp;<strong>gratuitement<\/strong>&nbsp;par courrier,&nbsp;<strong>\u00e0 votre domicile<\/strong>.<\/p>\n","protected":false},"excerpt":{"rendered":"<p>L&rsquo;acte de naissance est \u00e0 demander \u00e0 la mairie du lieu de naissance. Toute personne peut obtenir un extrait d&rsquo;acte de naissance sans filiation. Un acte de naissance de plus de 75 ans est communicable \u00e0 tout requ\u00e9rant sur simple indication des nom, pr\u00e9nom et date de naissance de l&rsquo;int\u00e9ress\u00e9. Pour obtenir une copie int\u00e9grale <a href=\"https:\/\/mont-sur-meurthe.fr\/index.php\/acte-de-naissance\/\" class=\"read-more below\">READ MORE<\/a><\/p>\n","protected":false},"author":1,"featured_media":0,"parent":0,"menu_order":0,"comment_status":"closed","ping_status":"closed","template":"","meta":{"_monsterinsights_skip_tracking":false,"_monsterinsights_sitenote_active":false,"_monsterinsights_sitenote_note":"","_monsterinsights_sitenote_category":0,"_uf_show_specific_survey":0,"_uf_disable_surveys":false,"footnotes":""},"class_list":["post-5118","page","type-page","status-publish","hentry"],"aioseo_notices":[],"_links":{"self":[{"href":"https:\/\/mont-sur-meurthe.fr\/index.php\/wp-json\/wp\/v2\/pages\/5118","targetHints":{"allow":["GET"]}}],"collection":[{"href":"https:\/\/mont-sur-meurthe.fr\/index.php\/wp-json\/wp\/v2\/pages"}],"about":[{"href":"https:\/\/mont-sur-meurthe.fr\/index.php\/wp-json\/wp\/v2\/types\/page"}],"author":[{"embeddable":true,"href":"https:\/\/mont-sur-meurthe.fr\/index.php\/wp-json\/wp\/v2\/users\/1"}],"replies":[{"embeddable":true,"href":"https:\/\/mont-sur-meurthe.fr\/index.php\/wp-json\/wp\/v2\/comments?post=5118"}],"version-history":[{"count":2,"href":"https:\/\/mont-sur-meurthe.fr\/index.php\/wp-json\/wp\/v2\/pages\/5118\/revisions"}],"predecessor-version":[{"id":5749,"href":"https:\/\/mont-sur-meurthe.fr\/index.php\/wp-json\/wp\/v2\/pages\/5118\/revisions\/5749"}],"wp:attachment":[{"href":"https:\/\/mont-sur-meurthe.fr\/index.php\/wp-json\/wp\/v2\/media?parent=5118"}],"curies":[{"name":"wp","href":"https:\/\/api.w.org\/{rel}","templated":true}]}}