{"id":5136,"date":"2022-03-18T18:39:39","date_gmt":"2022-03-18T17:39:39","guid":{"rendered":"http:\/\/mont-sur-meurthe.fr\/?page_id=5136"},"modified":"2022-03-30T19:01:04","modified_gmt":"2022-03-30T17:01:04","slug":"urbanisme","status":"publish","type":"page","link":"https:\/\/mont-sur-meurthe.fr\/index.php\/urbanisme\/","title":{"rendered":"Urbanisme"},"content":{"rendered":"\n<p><strong>Permis de construire et d\u00e9clarations pr\u00e9alables ce qui a chang\u00e9 depuis le 1<sup>er<\/sup>\u00a0janvier 2022.<\/strong><\/p>\n\n\n\n<p>Demandes de permis de construire et d\u00e9clarations pr\u00e9alables maintenant possibles en ligne.<\/p>\n\n\n\n<p>A compter du 1er janvier 2022,&nbsp;il vous sera possible de d\u00e9poser vos demandes d\u2019urbanisme (Certificat d\u2019urbanisme, Permis de Construire, Permis d\u2019Am\u00e9nager et D\u00e9claration Pr\u00e9alable)&nbsp;sur la plateforme<\/p>\n\n\n\n<p class=\"has-text-align-center\">E-permis (<a href=\"https:\/\/www.e-permis.fr\/\" target=\"_blank\" rel=\"noreferrer noopener\">https:\/\/www.e-permis.fr\/<\/a>)<\/p>\n\n\n\n<div class=\"wp-block-image\"><figure class=\"aligncenter size-full is-resized\"><img fetchpriority=\"high\" decoding=\"async\" src=\"https:\/\/mont-sur-meurthe.fr\/wp-content\/uploads\/2022\/03\/E-Permis.png\" alt=\"\" class=\"wp-image-5733\" width=\"436\" height=\"330\" srcset=\"https:\/\/mont-sur-meurthe.fr\/wp-content\/uploads\/2022\/03\/E-Permis.png 646w, https:\/\/mont-sur-meurthe.fr\/wp-content\/uploads\/2022\/03\/E-Permis-300x227.png 300w, https:\/\/mont-sur-meurthe.fr\/wp-content\/uploads\/2022\/03\/E-Permis-600x454.png 600w\" sizes=\"(max-width: 436px) 100vw, 436px\" \/><\/figure><\/div>\n\n\n\n<p>Il ne s\u2019agit pas d\u2019une obligation, il sera toujours possible de d\u00e9poser vos dossiers en version papier. Toutefois, le d\u00e9p\u00f4t par voie d\u00e9mat\u00e9rialis\u00e9e permettra de r\u00e9duire consid\u00e9rablement l\u2019usage du papier, simplifiera l\u2019instruction des dossiers et vous \u00e9vitera de vous d\u00e9placer ou d\u2019envoyer votre dossier en mairie. E-permis vous permettra d\u2019archiver vos demandes et de suivre l\u2019\u00e9volution de l\u2019instruction de votre dossier.<\/p>\n\n\n\n<p><strong>Plus d\u2019infos en mairie.<\/strong><\/p>\n\n\n\n<div style=\"height:33px\" aria-hidden=\"true\" class=\"wp-block-spacer\"><\/div>\n\n\n\n<h4 class=\"wp-block-heading\">La d\u00e9claration des travaux<\/h4>\n\n\n\n<p>La d\u00e9claration pr\u00e9alable est un acte administratif qui donne les moyens \u00e0 l\u2019administration de v\u00e9rifier que votre projet de construction respecte bien les r\u00e8gles d\u2019urbanisme en vigueur. Elle est g\u00e9n\u00e9ralement exig\u00e9e pour la r\u00e9alisation d\u2019am\u00e9nagement de faible importance.<\/p>\n\n\n\n<div class=\"wp-block-buttons is-layout-flex wp-block-buttons-is-layout-flex\">\n<div class=\"wp-block-button aligncenter\"><a class=\"wp-block-button__link\" href=\"https:\/\/www.service-public.fr\/particuliers\/vosdroits\/F17578\" target=\"_blank\" rel=\"noreferrer noopener\">En savoir plus&#8230;<\/a><\/div>\n<\/div>\n\n\n\n<div style=\"height:33px\" aria-hidden=\"true\" class=\"wp-block-spacer\"><\/div>\n\n\n\n<h4 class=\"wp-block-heading\">Le permis de construire<\/h4>\n\n\n\n<p>Le permis de construire est un acte administratif qui donne les moyens \u00e0 l\u2019administration de v\u00e9rifier qu\u2019un projet de construction respecte bien les r\u00e8gles d\u2019urbanisme en vigueur. Il est g\u00e9n\u00e9ralement exig\u00e9 pour tous les travaux de grande importance.<\/p>\n\n\n\n<div class=\"wp-block-buttons is-layout-flex wp-block-buttons-is-layout-flex\">\n<div class=\"wp-block-button aligncenter\"><a class=\"wp-block-button__link\" href=\"https:\/\/www.service-public.fr\/particuliers\/vosdroits\/F1986\" target=\"_blank\" rel=\"noreferrer noopener\">En savoir plus&#8230;<\/a><\/div>\n<\/div>\n\n\n\n<div style=\"height:33px\" aria-hidden=\"true\" class=\"wp-block-spacer\"><\/div>\n\n\n\n<h4 class=\"wp-block-heading\">Le permis modificatif<\/h4>\n\n\n\n<p>Le b\u00e9n\u00e9ficiaire d\u2019un permis de construire ou d\u2019un permis d\u2019am\u00e9nager en cours de validit\u00e9 peut apporter des modifications \u00e0 celui-ci d\u00e8s lors que ces modifications sont mineures. Cette demande peut \u00eatre d\u00e9pos\u00e9e \u00e0 tout moment, d\u00e8s l\u2019instant que la d\u00e9claration d\u2019ach\u00e8vement des travaux n\u2019a pas encore \u00e9t\u00e9 d\u00e9livr\u00e9e. Ce permis ne constitue pas un nouveau permis.<\/p>\n\n\n\n<div class=\"wp-block-buttons is-layout-flex wp-block-buttons-is-layout-flex\">\n<div class=\"wp-block-button aligncenter\"><a class=\"wp-block-button__link\" href=\"https:\/\/www.service-public.fr\/particuliers\/vosdroits\/F19450\" target=\"_blank\" rel=\"noreferrer noopener\">En savoir plus&#8230;<\/a><\/div>\n<\/div>\n","protected":false},"excerpt":{"rendered":"<p>Permis de construire et d\u00e9clarations pr\u00e9alables ce qui a chang\u00e9 depuis le 1er\u00a0janvier 2022. Demandes de permis de construire et d\u00e9clarations pr\u00e9alables maintenant possibles en ligne. A compter du 1er janvier 2022,&nbsp;il vous sera possible de d\u00e9poser vos demandes d\u2019urbanisme (Certificat d\u2019urbanisme, Permis de Construire, Permis d\u2019Am\u00e9nager et D\u00e9claration Pr\u00e9alable)&nbsp;sur la plateforme E-permis (https:\/\/www.e-permis.fr\/) Il <a href=\"https:\/\/mont-sur-meurthe.fr\/index.php\/urbanisme\/\" class=\"read-more below\">READ MORE<\/a><\/p>\n","protected":false},"author":1,"featured_media":5733,"parent":0,"menu_order":0,"comment_status":"closed","ping_status":"closed","template":"","meta":{"_monsterinsights_skip_tracking":false,"_monsterinsights_sitenote_active":false,"_monsterinsights_sitenote_note":"","_monsterinsights_sitenote_category":0,"_uf_show_specific_survey":0,"_uf_disable_surveys":false,"footnotes":""},"class_list":["post-5136","page","type-page","status-publish","has-post-thumbnail","hentry"],"aioseo_notices":[],"_links":{"self":[{"href":"https:\/\/mont-sur-meurthe.fr\/index.php\/wp-json\/wp\/v2\/pages\/5136","targetHints":{"allow":["GET"]}}],"collection":[{"href":"https:\/\/mont-sur-meurthe.fr\/index.php\/wp-json\/wp\/v2\/pages"}],"about":[{"href":"https:\/\/mont-sur-meurthe.fr\/index.php\/wp-json\/wp\/v2\/types\/page"}],"author":[{"embeddable":true,"href":"https:\/\/mont-sur-meurthe.fr\/index.php\/wp-json\/wp\/v2\/users\/1"}],"replies":[{"embeddable":true,"href":"https:\/\/mont-sur-meurthe.fr\/index.php\/wp-json\/wp\/v2\/comments?post=5136"}],"version-history":[{"count":6,"href":"https:\/\/mont-sur-meurthe.fr\/index.php\/wp-json\/wp\/v2\/pages\/5136\/revisions"}],"predecessor-version":[{"id":5740,"href":"https:\/\/mont-sur-meurthe.fr\/index.php\/wp-json\/wp\/v2\/pages\/5136\/revisions\/5740"}],"wp:featuredmedia":[{"embeddable":true,"href":"https:\/\/mont-sur-meurthe.fr\/index.php\/wp-json\/wp\/v2\/media\/5733"}],"wp:attachment":[{"href":"https:\/\/mont-sur-meurthe.fr\/index.php\/wp-json\/wp\/v2\/media?parent=5136"}],"curies":[{"name":"wp","href":"https:\/\/api.w.org\/{rel}","templated":true}]}}