{"id":5151,"date":"2022-03-19T18:02:27","date_gmt":"2022-03-19T17:02:27","guid":{"rendered":"http:\/\/mont-sur-meurthe.fr\/?page_id=5151"},"modified":"2022-04-08T23:04:15","modified_gmt":"2022-04-08T21:04:15","slug":"ecole","status":"publish","type":"page","link":"https:\/\/mont-sur-meurthe.fr\/index.php\/ecole\/","title":{"rendered":"Ecole Saint-Exup\u00e9ry"},"content":{"rendered":"\n<div class=\"wp-block-image\"><figure class=\"aligncenter size-large is-resized\"><img fetchpriority=\"high\" decoding=\"async\" src=\"https:\/\/mont-sur-meurthe.fr\/wp-content\/uploads\/2022\/03\/EcoleStExupery-1024x769.jpg\" alt=\"\" class=\"wp-image-5054\" width=\"420\" height=\"315\" srcset=\"https:\/\/mont-sur-meurthe.fr\/wp-content\/uploads\/2022\/03\/EcoleStExupery-1024x769.jpg 1024w, https:\/\/mont-sur-meurthe.fr\/wp-content\/uploads\/2022\/03\/EcoleStExupery-300x225.jpg 300w, https:\/\/mont-sur-meurthe.fr\/wp-content\/uploads\/2022\/03\/EcoleStExupery-768x577.jpg 768w, https:\/\/mont-sur-meurthe.fr\/wp-content\/uploads\/2022\/03\/EcoleStExupery-1536x1153.jpg 1536w, https:\/\/mont-sur-meurthe.fr\/wp-content\/uploads\/2022\/03\/EcoleStExupery-2048x1538.jpg 2048w, https:\/\/mont-sur-meurthe.fr\/wp-content\/uploads\/2022\/03\/EcoleStExupery-600x451.jpg 600w\" sizes=\"(max-width: 420px) 100vw, 420px\" \/><\/figure><\/div>\n\n\n\n<p>L\u2019\u00e9cole Saint Exup\u00e9ry de Mont-sur-Meurthe dispose d\u2019une maternelle et d&rsquo;une primaire, r\u00e9partis sur 4 classes.<\/p>\n\n\n\n<p>L\u2019\u00e9cole, lieu d\u2019apprentissage par excellence, est aussi le lieu o\u00f9 se construisent la vie en collectivit\u00e9, le respect de l\u2019autre et l\u2019esprit de partage.<\/p>\n\n\n\n<p>La commune de Mont-sur-Meurthe consacre une part substantielle de son budget aux \u00e9coles. Les travaux d\u2019entretien et de r\u00e9novation des salles de classes, l\u2019\u00e9quipement informatique et le renouvellement du mobilier constituent des investissements annuels engag\u00e9s par la municipalit\u00e9 pour am\u00e9liorer le quotidien des enfants.<\/p>\n\n\n\n<p><strong>Les horaires :<\/strong><\/p>\n\n\n\n<figure class=\"wp-block-table is-style-stripes\"><table><tbody><tr><td>&nbsp;<\/td><td><strong>MATIN<\/strong><\/td><td><strong>APRES-MIDI<\/strong><\/td><\/tr><tr><td><strong>PS\/MS<\/strong><\/td><td><strong>8h25-11h40<\/strong><\/td><td><strong>13h30-16h10<\/strong><\/td><\/tr><tr><td><strong>GS\/CE2<\/strong><\/td><td><strong>8h20-11h35<\/strong><\/td><td><strong>13h20-16h05<\/strong><\/td><\/tr><tr><td><strong>CP\/CE1<\/strong><\/td><td><strong>8h15-11h30<\/strong><\/td><td><strong>13h15-16h00<\/strong><\/td><\/tr><tr><td><strong>CM1\/CM2<\/strong><\/td><td><strong>8h25-11h40<\/strong><\/td><td><strong>13h30-16h10<\/strong><\/td><\/tr><\/tbody><\/table><\/figure>\n\n\n\n<p><strong>Joindre l\u2019\u00e9cole : 03 83 75 81 70<\/strong><\/p>\n\n\n\n<p><\/p>\n","protected":false},"excerpt":{"rendered":"<p>L\u2019\u00e9cole Saint Exup\u00e9ry de Mont-sur-Meurthe dispose d\u2019une maternelle et d&rsquo;une primaire, r\u00e9partis sur 4 classes. L\u2019\u00e9cole, lieu d\u2019apprentissage par excellence, est aussi le lieu o\u00f9 se construisent la vie en collectivit\u00e9, le respect de l\u2019autre et l\u2019esprit de partage. La commune de Mont-sur-Meurthe consacre une part substantielle de son budget aux \u00e9coles. Les travaux d\u2019entretien <a href=\"https:\/\/mont-sur-meurthe.fr\/index.php\/ecole\/\" class=\"read-more below\">READ MORE<\/a><\/p>\n","protected":false},"author":1,"featured_media":0,"parent":0,"menu_order":0,"comment_status":"closed","ping_status":"closed","template":"","meta":{"_monsterinsights_skip_tracking":false,"_monsterinsights_sitenote_active":false,"_monsterinsights_sitenote_note":"","_monsterinsights_sitenote_category":0,"_uf_show_specific_survey":0,"_uf_disable_surveys":false,"footnotes":""},"class_list":["post-5151","page","type-page","status-publish","hentry"],"aioseo_notices":[],"_links":{"self":[{"href":"https:\/\/mont-sur-meurthe.fr\/index.php\/wp-json\/wp\/v2\/pages\/5151","targetHints":{"allow":["GET"]}}],"collection":[{"href":"https:\/\/mont-sur-meurthe.fr\/index.php\/wp-json\/wp\/v2\/pages"}],"about":[{"href":"https:\/\/mont-sur-meurthe.fr\/index.php\/wp-json\/wp\/v2\/types\/page"}],"author":[{"embeddable":true,"href":"https:\/\/mont-sur-meurthe.fr\/index.php\/wp-json\/wp\/v2\/users\/1"}],"replies":[{"embeddable":true,"href":"https:\/\/mont-sur-meurthe.fr\/index.php\/wp-json\/wp\/v2\/comments?post=5151"}],"version-history":[{"count":19,"href":"https:\/\/mont-sur-meurthe.fr\/index.php\/wp-json\/wp\/v2\/pages\/5151\/revisions"}],"predecessor-version":[{"id":5811,"href":"https:\/\/mont-sur-meurthe.fr\/index.php\/wp-json\/wp\/v2\/pages\/5151\/revisions\/5811"}],"wp:attachment":[{"href":"https:\/\/mont-sur-meurthe.fr\/index.php\/wp-json\/wp\/v2\/media?parent=5151"}],"curies":[{"name":"wp","href":"https:\/\/api.w.org\/{rel}","templated":true}]}}