{"id":5153,"date":"2022-03-19T18:02:27","date_gmt":"2022-03-19T17:02:27","guid":{"rendered":"http:\/\/mont-sur-meurthe.fr\/?page_id=5153"},"modified":"2025-09-02T13:30:41","modified_gmt":"2025-09-02T11:30:41","slug":"periscolaire-2","status":"publish","type":"page","link":"https:\/\/mont-sur-meurthe.fr\/index.php\/periscolaire-2\/","title":{"rendered":"P\u00e9riscolaire"},"content":{"rendered":"<div class=\"wp-block-image\">\n<figure class=\"aligncenter size-large is-resized\"><img fetchpriority=\"high\" decoding=\"async\" width=\"1024\" height=\"769\" src=\"https:\/\/mont-sur-meurthe.fr\/wp-content\/uploads\/2022\/03\/Periscolaire-1024x769.jpg\" alt=\"\" class=\"wp-image-5053\" style=\"width:368px;height:276px\" srcset=\"https:\/\/mont-sur-meurthe.fr\/wp-content\/uploads\/2022\/03\/Periscolaire-1024x769.jpg 1024w, https:\/\/mont-sur-meurthe.fr\/wp-content\/uploads\/2022\/03\/Periscolaire-300x225.jpg 300w, https:\/\/mont-sur-meurthe.fr\/wp-content\/uploads\/2022\/03\/Periscolaire-768x577.jpg 768w, https:\/\/mont-sur-meurthe.fr\/wp-content\/uploads\/2022\/03\/Periscolaire-1536x1153.jpg 1536w, https:\/\/mont-sur-meurthe.fr\/wp-content\/uploads\/2022\/03\/Periscolaire-2048x1538.jpg 2048w, https:\/\/mont-sur-meurthe.fr\/wp-content\/uploads\/2022\/03\/Periscolaire-600x451.jpg 600w\" sizes=\"(max-width: 1024px) 100vw, 1024px\" \/><\/figure>\n<\/div>\n\n\n<p>La commune de Mont-sur-Meurthe dispose d&rsquo;un p\u00e9riscolaire permettant aux familles de disposer d&rsquo;un mode de garde avec des horaires larges, pour les enfants de 3 \u00e0 12 ans.<\/p>\n\n\n\n<p>Ce service est int\u00e9gralement financ\u00e9 par la commune de Mont-sur-Meurthe et encadr\u00e9 par l&rsquo;association Familles Rurales, par prestation de services.<\/p>\n\n\n\n<p><strong>Le p\u00e9riscolaire \u00ab\u00a0Les P&rsquo;tits Princes\u00a0\u00bb, au 2 rue des Ecoles, est ouvert en p\u00e9riode scolaire les lundis, mardis, jeudis et vendredis de 06h30 \u00e0 19h.<\/strong><\/p>\n\n\n\n<figure class=\"wp-block-table aligncenter is-style-stripes\"><table><tbody><tr><td><\/td><td><strong>QF* &lt; 800 \u20ac<\/strong><\/td><td><strong>QF*&nbsp;&gt; 800 \u20ac<\/strong><\/td><td><strong>Autres r\u00e9gimes&nbsp;<\/strong><\/td><\/tr><tr><td><strong>Accueil matin<\/strong><\/td><td>1,80 \u20ac \/ heure<\/td><td>1,90 \u20ac \/ heure&nbsp;<\/td><td>2,25 \u20ac \/ heure&nbsp;<\/td><\/tr><tr><td><strong>Pause m\u00e9ridienne<\/strong><\/td><td>6,09 \u20ac<\/td><td>6,19 \u20ac<\/td><td>6,54 \u20ac<\/td><\/tr><tr><td><strong>Accueil soir<\/strong><\/td><td>1,80 \u20ac \/ heure<\/td><td>1,90 \u20ac \/ heure<\/td><td>2,25 \u20ac \/ heure<\/td><\/tr><\/tbody><\/table><figcaption class=\"wp-element-caption\"><strong>* QF : Quotient Familial \/ sous r\u00e9serve de remise de l&rsquo;attestation d&rsquo;Aides au Temps Libre (ATL)&nbsp;<\/strong><\/figcaption><\/figure>\n\n\n\n<p><font _mstmutation=\"1\"><\/font><\/p>\n\n\n\n<p><font _mstmutation=\"1\"><\/font><\/p>\n\n\n\n<p><font _mstmutation=\"1\"><\/font><\/p>\n\n\n\n<p><font _mstmutation=\"1\"><\/font><\/p>\n","protected":false},"excerpt":{"rendered":"<p>La commune de Mont-sur-Meurthe dispose d&rsquo;un p\u00e9riscolaire permettant aux familles de disposer d&rsquo;un mode de garde avec des horaires larges, pour les enfants de 3 \u00e0 12 ans. Ce service est int\u00e9gralement financ\u00e9 par la commune de Mont-sur-Meurthe et encadr\u00e9 par l&rsquo;association Familles Rurales, par prestation de services. Le p\u00e9riscolaire \u00ab\u00a0Les P&rsquo;tits Princes\u00a0\u00bb, au 2 <a href=\"https:\/\/mont-sur-meurthe.fr\/index.php\/periscolaire-2\/\" class=\"read-more below\">READ MORE<\/a><\/p>\n","protected":false},"author":1,"featured_media":0,"parent":0,"menu_order":0,"comment_status":"closed","ping_status":"closed","template":"","meta":{"_monsterinsights_skip_tracking":false,"_monsterinsights_sitenote_active":false,"_monsterinsights_sitenote_note":"","_monsterinsights_sitenote_category":0,"_uf_show_specific_survey":0,"_uf_disable_surveys":false,"footnotes":""},"class_list":["post-5153","page","type-page","status-publish","hentry"],"aioseo_notices":[],"_links":{"self":[{"href":"https:\/\/mont-sur-meurthe.fr\/index.php\/wp-json\/wp\/v2\/pages\/5153","targetHints":{"allow":["GET"]}}],"collection":[{"href":"https:\/\/mont-sur-meurthe.fr\/index.php\/wp-json\/wp\/v2\/pages"}],"about":[{"href":"https:\/\/mont-sur-meurthe.fr\/index.php\/wp-json\/wp\/v2\/types\/page"}],"author":[{"embeddable":true,"href":"https:\/\/mont-sur-meurthe.fr\/index.php\/wp-json\/wp\/v2\/users\/1"}],"replies":[{"embeddable":true,"href":"https:\/\/mont-sur-meurthe.fr\/index.php\/wp-json\/wp\/v2\/comments?post=5153"}],"version-history":[{"count":17,"href":"https:\/\/mont-sur-meurthe.fr\/index.php\/wp-json\/wp\/v2\/pages\/5153\/revisions"}],"predecessor-version":[{"id":6023,"href":"https:\/\/mont-sur-meurthe.fr\/index.php\/wp-json\/wp\/v2\/pages\/5153\/revisions\/6023"}],"wp:attachment":[{"href":"https:\/\/mont-sur-meurthe.fr\/index.php\/wp-json\/wp\/v2\/media?parent=5153"}],"curies":[{"name":"wp","href":"https:\/\/api.w.org\/{rel}","templated":true}]}}