{"id":5168,"date":"2022-03-19T18:42:49","date_gmt":"2022-03-19T17:42:49","guid":{"rendered":"http:\/\/mont-sur-meurthe.fr\/?page_id=5168"},"modified":"2022-03-30T16:01:46","modified_gmt":"2022-03-30T14:01:46","slug":"fibre","status":"publish","type":"page","link":"https:\/\/mont-sur-meurthe.fr\/index.php\/fibre\/","title":{"rendered":"Fibre"},"content":{"rendered":"\n<div class=\"wp-block-image\"><figure class=\"aligncenter size-large is-resized\"><img fetchpriority=\"high\" decoding=\"async\" src=\"https:\/\/mont-sur-meurthe.fr\/wp-content\/uploads\/2022\/03\/fibreestla-1024x576.jpg\" alt=\"\" class=\"wp-image-5682\" width=\"474\" height=\"267\" srcset=\"https:\/\/mont-sur-meurthe.fr\/wp-content\/uploads\/2022\/03\/fibreestla-1024x576.jpg 1024w, https:\/\/mont-sur-meurthe.fr\/wp-content\/uploads\/2022\/03\/fibreestla-300x169.jpg 300w, https:\/\/mont-sur-meurthe.fr\/wp-content\/uploads\/2022\/03\/fibreestla-768x432.jpg 768w, https:\/\/mont-sur-meurthe.fr\/wp-content\/uploads\/2022\/03\/fibreestla-600x338.jpg 600w, https:\/\/mont-sur-meurthe.fr\/wp-content\/uploads\/2022\/03\/fibreestla.jpg 1280w\" sizes=\"(max-width: 474px) 100vw, 474px\" \/><\/figure><\/div>\n\n\n\n<p><strong>COMMENT DOIS-JE FAIRE POUR SOUSCRIRE UN ABONNEMENT A LA FIBRE ?<\/strong><br><\/p>\n\n\n\n<p>Testez votre \u00e9ligibilit\u00e9 sur <a href=\"http:\/\/www.losange-fibre.fr\" target=\"_blank\" rel=\"noreferrer noopener\">www.losange-fibre.fr<\/a> en renseignant vos coordonn\u00e9es personnelles dans l\u2019onglet \u00ab Eligibilit\u00e9 \u00bb.<\/p>\n\n\n\n<p>Si vous \u00eates \u00e9ligible, abonnez vous \u00e0 un Fournisseur d\u2019Acc\u00e8s Internet, parmi l\u2019un des partenaires de votre choix.<\/p>\n\n\n\n<p>Une fois votre abonnement valid\u00e9, votre op\u00e9rateur vous contactera afin de convenir d\u2019un rendez-vous. Le raccordement de votre domicile s\u2019effectuera par un technicien apr\u00e8s la signature du contrat.<\/p>\n\n\n\n<p><br><strong>VOTRE MAISON EST D\u00c9J\u00c0 RELI\u00c9E AU R\u00c9SEAU T\u00c9L\u00c9PHONIQUE ET \u00c0 INTERNET ?<\/strong><br><\/p>\n\n\n\n<p>C\u2019est la grande majorit\u00e9 des cas. Le c\u00e2ble de fibre optique de Losange empruntera alors le m\u00eame parcours que ce qui existe d\u00e9j\u00e0, soit en a\u00e9rien, soit en souterrain jusqu\u2019\u00e0 votre construction.<\/p>\n\n\n\n<p><br><strong>RIEN \u00c0 PAYER !<\/strong><\/p>\n\n\n\n<p>Vous n\u2019aurez pas \u00e0 payer pour toute cette installation. N\u00e9anmoins, le Fournisseur d\u2019Acc\u00e8s Internet (FAI), que vous aurez choisi pourra \u00e9ventuellement vous facturer les frais de mise en service de sa Box, et, bien s\u00fbr, l\u2019abonnement mensuel aux services que vous aurez choisi.<\/p>\n\n\n\n<div class=\"wp-block-image\"><figure class=\"aligncenter size-full\"><img decoding=\"async\" width=\"963\" height=\"207\" src=\"https:\/\/mont-sur-meurthe.fr\/wp-content\/uploads\/2022\/03\/logo_losange.png\" alt=\"\" class=\"wp-image-5687\" srcset=\"https:\/\/mont-sur-meurthe.fr\/wp-content\/uploads\/2022\/03\/logo_losange.png 963w, https:\/\/mont-sur-meurthe.fr\/wp-content\/uploads\/2022\/03\/logo_losange-300x64.png 300w, https:\/\/mont-sur-meurthe.fr\/wp-content\/uploads\/2022\/03\/logo_losange-768x165.png 768w, https:\/\/mont-sur-meurthe.fr\/wp-content\/uploads\/2022\/03\/logo_losange-600x129.png 600w\" sizes=\"(max-width: 963px) 100vw, 963px\" \/><\/figure><\/div>\n","protected":false},"excerpt":{"rendered":"<p>COMMENT DOIS-JE FAIRE POUR SOUSCRIRE UN ABONNEMENT A LA FIBRE ? Testez votre \u00e9ligibilit\u00e9 sur www.losange-fibre.fr en renseignant vos coordonn\u00e9es personnelles dans l\u2019onglet \u00ab Eligibilit\u00e9 \u00bb. Si vous \u00eates \u00e9ligible, abonnez vous \u00e0 un Fournisseur d\u2019Acc\u00e8s Internet, parmi l\u2019un des partenaires de votre choix. Une fois votre abonnement valid\u00e9, votre op\u00e9rateur vous contactera afin de <a href=\"https:\/\/mont-sur-meurthe.fr\/index.php\/fibre\/\" class=\"read-more below\">READ MORE<\/a><\/p>\n","protected":false},"author":1,"featured_media":0,"parent":0,"menu_order":0,"comment_status":"closed","ping_status":"closed","template":"","meta":{"_monsterinsights_skip_tracking":false,"_monsterinsights_sitenote_active":false,"_monsterinsights_sitenote_note":"","_monsterinsights_sitenote_category":0,"_uf_show_specific_survey":0,"_uf_disable_surveys":false,"footnotes":""},"class_list":["post-5168","page","type-page","status-publish","hentry"],"aioseo_notices":[],"_links":{"self":[{"href":"https:\/\/mont-sur-meurthe.fr\/index.php\/wp-json\/wp\/v2\/pages\/5168","targetHints":{"allow":["GET"]}}],"collection":[{"href":"https:\/\/mont-sur-meurthe.fr\/index.php\/wp-json\/wp\/v2\/pages"}],"about":[{"href":"https:\/\/mont-sur-meurthe.fr\/index.php\/wp-json\/wp\/v2\/types\/page"}],"author":[{"embeddable":true,"href":"https:\/\/mont-sur-meurthe.fr\/index.php\/wp-json\/wp\/v2\/users\/1"}],"replies":[{"embeddable":true,"href":"https:\/\/mont-sur-meurthe.fr\/index.php\/wp-json\/wp\/v2\/comments?post=5168"}],"version-history":[{"count":7,"href":"https:\/\/mont-sur-meurthe.fr\/index.php\/wp-json\/wp\/v2\/pages\/5168\/revisions"}],"predecessor-version":[{"id":5689,"href":"https:\/\/mont-sur-meurthe.fr\/index.php\/wp-json\/wp\/v2\/pages\/5168\/revisions\/5689"}],"wp:attachment":[{"href":"https:\/\/mont-sur-meurthe.fr\/index.php\/wp-json\/wp\/v2\/media?parent=5168"}],"curies":[{"name":"wp","href":"https:\/\/api.w.org\/{rel}","templated":true}]}}