{"id":5184,"date":"2022-03-19T19:00:08","date_gmt":"2022-03-19T18:00:08","guid":{"rendered":"http:\/\/mont-sur-meurthe.fr\/?page_id=5184"},"modified":"2022-03-30T16:13:07","modified_gmt":"2022-03-30T14:13:07","slug":"transports","status":"publish","type":"page","link":"https:\/\/mont-sur-meurthe.fr\/index.php\/transports\/","title":{"rendered":"Transports"},"content":{"rendered":"\n<h4 class=\"wp-block-heading\">BUS TED<\/h4>\n\n\n\n<p>&nbsp;La ligne Ted R650 dessert Mont Sur Meurthe sur l&rsquo;axe Lun\u00e9ville-Dombasle-Nancy<\/p>\n\n\n\n<p>Tous les horaires du bus :\u00a0<a href=\"http:\/\/www.launoy-tourisme.fr\/circuit\/ligne-reguliere\/r650\" target=\"_blank\" rel=\"noreferrer noopener\">cliquez ici<\/a><\/p>\n\n\n\n<div style=\"height:40px\" aria-hidden=\"true\" class=\"wp-block-spacer\"><\/div>\n\n\n\n<h4 class=\"wp-block-heading\">TEDIBUS<\/h4>\n\n\n\n<p>Tedibus est un service de transport collectif \u00e0 la demande mis en place et organis\u00e9 par le Pays du Lun\u00e9villois pour r\u00e9pondre aux besoins de mobilit\u00e9 des habitants en milieu rural.<\/p>\n\n\n\n<p>Ce transport public de proximit\u00e9 est ouvert \u00e0 tous les habitants du territoire. Il est assur\u00e9 par un minibus pouvant accueillir 9&nbsp;passagers et accessible aux personnes \u00e0 mobilit\u00e9 r\u00e9duite.<\/p>\n\n\n\n<p>Il compl\u00e8te les services de transport existants sur le territoire : TER, ligne de bus Fluo, lignes de bus Lun\u00e9o sur Lun\u00e9ville et sa p\u00e9riph\u00e9rie, autopartage Lulu (sur le territoire de la Communaut\u00e9 de communes du Territoire de Lun\u00e9ville \u00e0 Baccarat), covoiturage, &#8230;<\/p>\n\n\n\n<p>Renseignements sur le site du Pays du Lun\u00e9villois :\u00a0<a href=\"https:\/\/www.pays-lunevillois.com\/index.php\/mes-deplacements\/solutions-dans-le-lunevillois\/transport-la-demande\" target=\"_blank\" rel=\"noreferrer noopener\">Tout savoir sur le Tedibus<\/a><\/p>\n\n\n\n<figure class=\"wp-block-image size-large\"><img fetchpriority=\"high\" decoding=\"async\" width=\"1024\" height=\"683\" src=\"https:\/\/mont-sur-meurthe.fr\/wp-content\/uploads\/2022\/03\/Tedibus1-1024x683.png\" alt=\"\" class=\"wp-image-5694\" srcset=\"https:\/\/mont-sur-meurthe.fr\/wp-content\/uploads\/2022\/03\/Tedibus1-1024x683.png 1024w, https:\/\/mont-sur-meurthe.fr\/wp-content\/uploads\/2022\/03\/Tedibus1-300x200.png 300w, https:\/\/mont-sur-meurthe.fr\/wp-content\/uploads\/2022\/03\/Tedibus1-768x512.png 768w, https:\/\/mont-sur-meurthe.fr\/wp-content\/uploads\/2022\/03\/Tedibus1-1536x1024.png 1536w, https:\/\/mont-sur-meurthe.fr\/wp-content\/uploads\/2022\/03\/Tedibus1-600x400.png 600w, https:\/\/mont-sur-meurthe.fr\/wp-content\/uploads\/2022\/03\/Tedibus1-272x182.png 272w, https:\/\/mont-sur-meurthe.fr\/wp-content\/uploads\/2022\/03\/Tedibus1.png 1999w\" sizes=\"(max-width: 1024px) 100vw, 1024px\" \/><\/figure>\n\n\n\n<figure class=\"wp-block-image size-large\"><img decoding=\"async\" width=\"1024\" height=\"683\" src=\"https:\/\/mont-sur-meurthe.fr\/wp-content\/uploads\/2022\/03\/Tedibus2-1024x683.png\" alt=\"\" class=\"wp-image-5695\" srcset=\"https:\/\/mont-sur-meurthe.fr\/wp-content\/uploads\/2022\/03\/Tedibus2-1024x683.png 1024w, https:\/\/mont-sur-meurthe.fr\/wp-content\/uploads\/2022\/03\/Tedibus2-300x200.png 300w, https:\/\/mont-sur-meurthe.fr\/wp-content\/uploads\/2022\/03\/Tedibus2-768x512.png 768w, https:\/\/mont-sur-meurthe.fr\/wp-content\/uploads\/2022\/03\/Tedibus2-1536x1024.png 1536w, https:\/\/mont-sur-meurthe.fr\/wp-content\/uploads\/2022\/03\/Tedibus2-600x400.png 600w, https:\/\/mont-sur-meurthe.fr\/wp-content\/uploads\/2022\/03\/Tedibus2-272x182.png 272w, https:\/\/mont-sur-meurthe.fr\/wp-content\/uploads\/2022\/03\/Tedibus2.png 1999w\" sizes=\"(max-width: 1024px) 100vw, 1024px\" \/><\/figure>\n\n\n\n<div style=\"height:40px\" aria-hidden=\"true\" class=\"wp-block-spacer\"><\/div>\n\n\n\n<h4 class=\"wp-block-heading\">TER (BUS ET TRAIN)<\/h4>\n\n\n\n<p>Mont Sur Meurthe dispose d&rsquo;une gare.<\/p>\n\n\n\n<p>Vous pouvez acc\u00e9der au site de la SNCF afin de faire une r\u00e9servation :\u00a0<a href=\"https:\/\/www.sncf-connect.com\/\" target=\"_blank\" rel=\"noreferrer noopener\">www.sncf-connect.com<\/a><\/p>\n","protected":false},"excerpt":{"rendered":"<p>BUS TED &nbsp;La ligne Ted R650 dessert Mont Sur Meurthe sur l&rsquo;axe Lun\u00e9ville-Dombasle-Nancy Tous les horaires du bus :\u00a0cliquez ici TEDIBUS Tedibus est un service de transport collectif \u00e0 la demande mis en place et organis\u00e9 par le Pays du Lun\u00e9villois pour r\u00e9pondre aux besoins de mobilit\u00e9 des habitants en milieu rural. Ce transport public <a href=\"https:\/\/mont-sur-meurthe.fr\/index.php\/transports\/\" class=\"read-more below\">READ MORE<\/a><\/p>\n","protected":false},"author":1,"featured_media":0,"parent":0,"menu_order":0,"comment_status":"closed","ping_status":"closed","template":"","meta":{"_monsterinsights_skip_tracking":false,"_monsterinsights_sitenote_active":false,"_monsterinsights_sitenote_note":"","_monsterinsights_sitenote_category":0,"_uf_show_specific_survey":0,"_uf_disable_surveys":false,"footnotes":""},"class_list":["post-5184","page","type-page","status-publish","hentry"],"aioseo_notices":[],"_links":{"self":[{"href":"https:\/\/mont-sur-meurthe.fr\/index.php\/wp-json\/wp\/v2\/pages\/5184","targetHints":{"allow":["GET"]}}],"collection":[{"href":"https:\/\/mont-sur-meurthe.fr\/index.php\/wp-json\/wp\/v2\/pages"}],"about":[{"href":"https:\/\/mont-sur-meurthe.fr\/index.php\/wp-json\/wp\/v2\/types\/page"}],"author":[{"embeddable":true,"href":"https:\/\/mont-sur-meurthe.fr\/index.php\/wp-json\/wp\/v2\/users\/1"}],"replies":[{"embeddable":true,"href":"https:\/\/mont-sur-meurthe.fr\/index.php\/wp-json\/wp\/v2\/comments?post=5184"}],"version-history":[{"count":4,"href":"https:\/\/mont-sur-meurthe.fr\/index.php\/wp-json\/wp\/v2\/pages\/5184\/revisions"}],"predecessor-version":[{"id":5696,"href":"https:\/\/mont-sur-meurthe.fr\/index.php\/wp-json\/wp\/v2\/pages\/5184\/revisions\/5696"}],"wp:attachment":[{"href":"https:\/\/mont-sur-meurthe.fr\/index.php\/wp-json\/wp\/v2\/media?parent=5184"}],"curies":[{"name":"wp","href":"https:\/\/api.w.org\/{rel}","templated":true}]}}