{"id":5186,"date":"2022-03-19T19:00:08","date_gmt":"2022-03-19T18:00:08","guid":{"rendered":"http:\/\/mont-sur-meurthe.fr\/?page_id=5186"},"modified":"2022-03-21T13:41:21","modified_gmt":"2022-03-21T12:41:21","slug":"intramuros","status":"publish","type":"page","link":"https:\/\/mont-sur-meurthe.fr\/index.php\/intramuros\/","title":{"rendered":"Intramuros"},"content":{"rendered":"\n<p>Afin de faciliter la vie des citoyens et des personnes de passage sur notre territoire, la commune de Mont-sur-Meurthe met \u00e0 votre disposition une application mobile d\u00e9di\u00e9e \u00e0 la vie quotidienne.<\/p>\n\n\n\n<p>Que faire ce weekend ?<br>Quelles sont les initiatives locales ?<br>Trouver un commerce, une association, alerter ma mairie, consulter le menu de la cantine et bien plus encore&#8230;<\/p>\n\n\n\n<figure class=\"wp-block-video\"><video controls src=\"https:\/\/def773hwqc19t.cloudfront.net\/documents\/marketing\/default\/Vid%C3%A9o_de_pr%C3%A9sentation_IntraMuros_10MO_202033022290553716.mp4\"><\/video><\/figure>\n\n\n\n<div class=\"wp-block-image\"><figure class=\"aligncenter size-large\"><img fetchpriority=\"high\" decoding=\"async\" width=\"724\" height=\"1024\" src=\"https:\/\/mont-sur-meurthe.fr\/wp-content\/uploads\/2022\/03\/Affiche-724x1024.png\" alt=\"\" class=\"wp-image-5268\" srcset=\"https:\/\/mont-sur-meurthe.fr\/wp-content\/uploads\/2022\/03\/Affiche-724x1024.png 724w, https:\/\/mont-sur-meurthe.fr\/wp-content\/uploads\/2022\/03\/Affiche-212x300.png 212w, https:\/\/mont-sur-meurthe.fr\/wp-content\/uploads\/2022\/03\/Affiche-768x1086.png 768w, https:\/\/mont-sur-meurthe.fr\/wp-content\/uploads\/2022\/03\/Affiche-1086x1536.png 1086w, https:\/\/mont-sur-meurthe.fr\/wp-content\/uploads\/2022\/03\/Affiche-600x848.png 600w, https:\/\/mont-sur-meurthe.fr\/wp-content\/uploads\/2022\/03\/Affiche.png 1169w\" sizes=\"(max-width: 724px) 100vw, 724px\" \/><\/figure><\/div>\n","protected":false},"excerpt":{"rendered":"<p>Afin de faciliter la vie des citoyens et des personnes de passage sur notre territoire, la commune de Mont-sur-Meurthe met \u00e0 votre disposition une application mobile d\u00e9di\u00e9e \u00e0 la vie quotidienne. Que faire ce weekend ?Quelles sont les initiatives locales ?Trouver un commerce, une association, alerter ma mairie, consulter le menu de la cantine et <a href=\"https:\/\/mont-sur-meurthe.fr\/index.php\/intramuros\/\" class=\"read-more below\">READ MORE<\/a><\/p>\n","protected":false},"author":1,"featured_media":0,"parent":0,"menu_order":0,"comment_status":"closed","ping_status":"closed","template":"","meta":{"_monsterinsights_skip_tracking":false,"_monsterinsights_sitenote_active":false,"_monsterinsights_sitenote_note":"","_monsterinsights_sitenote_category":0,"_uf_show_specific_survey":0,"_uf_disable_surveys":false,"footnotes":""},"class_list":["post-5186","page","type-page","status-publish","hentry"],"aioseo_notices":[],"_links":{"self":[{"href":"https:\/\/mont-sur-meurthe.fr\/index.php\/wp-json\/wp\/v2\/pages\/5186","targetHints":{"allow":["GET"]}}],"collection":[{"href":"https:\/\/mont-sur-meurthe.fr\/index.php\/wp-json\/wp\/v2\/pages"}],"about":[{"href":"https:\/\/mont-sur-meurthe.fr\/index.php\/wp-json\/wp\/v2\/types\/page"}],"author":[{"embeddable":true,"href":"https:\/\/mont-sur-meurthe.fr\/index.php\/wp-json\/wp\/v2\/users\/1"}],"replies":[{"embeddable":true,"href":"https:\/\/mont-sur-meurthe.fr\/index.php\/wp-json\/wp\/v2\/comments?post=5186"}],"version-history":[{"count":4,"href":"https:\/\/mont-sur-meurthe.fr\/index.php\/wp-json\/wp\/v2\/pages\/5186\/revisions"}],"predecessor-version":[{"id":5272,"href":"https:\/\/mont-sur-meurthe.fr\/index.php\/wp-json\/wp\/v2\/pages\/5186\/revisions\/5272"}],"wp:attachment":[{"href":"https:\/\/mont-sur-meurthe.fr\/index.php\/wp-json\/wp\/v2\/media?parent=5186"}],"curies":[{"name":"wp","href":"https:\/\/api.w.org\/{rel}","templated":true}]}}