{"id":5188,"date":"2022-03-19T19:00:08","date_gmt":"2022-03-19T18:00:08","guid":{"rendered":"http:\/\/mont-sur-meurthe.fr\/?page_id=5188"},"modified":"2022-03-30T14:08:37","modified_gmt":"2022-03-30T12:08:37","slug":"plan-local-durbanisme","status":"publish","type":"page","link":"https:\/\/mont-sur-meurthe.fr\/index.php\/plan-local-durbanisme\/","title":{"rendered":"Plan Local d&rsquo;Urbanisme"},"content":{"rendered":"\n<p>Le PLU est un document indispensable pour planifier l\u2019urbanisme sur le long terme dans une commune ; c\u2019est un ensemble de r\u00e8gles, indiquant quelles formes doivent prendre les constructions, quelles zones doivent rester naturelles, quelles zones sont r\u00e9serv\u00e9es pour les constructions futures, etc. Il r\u00e9sume les intentions g\u00e9n\u00e9rales de la collectivit\u00e9 quant \u00e0 l\u2019\u00e9volution de l\u2019agglom\u00e9ration.<\/p>\n\n\n\n<p>A t\u00e9l\u00e9charger : <a href=\"https:\/\/mont-sur-meurthe.fr\/wp-content\/uploads\/2022\/03\/Reglement-PLU.pdf\" target=\"_blank\" rel=\"noreferrer noopener\">le r\u00e9glement du PLU<\/a><\/p>\n\n\n\n<div data-wp-interactive=\"core\/file\" class=\"wp-block-file aligncenter\"><object data-wp-bind--hidden=\"!state.hasPdfPreview\" hidden class=\"wp-block-file__embed\" data=\"https:\/\/mont-sur-meurthe.fr\/wp-content\/uploads\/2022\/03\/PlanDeZonage-PLU.pdf\" type=\"application\/pdf\" style=\"width:100%;height:600px\" aria-label=\"Contenu embarqu\u00e9 Contenu embarqu\u00e9 PlanDeZonage-PLU..\"><\/object><a id=\"wp-block-file--media-dc8fd690-2e17-44e3-82e1-5de17a9afef4\" href=\"https:\/\/mont-sur-meurthe.fr\/wp-content\/uploads\/2022\/03\/PlanDeZonage-PLU.pdf\">PlanDeZonage-PLU<\/a><a href=\"https:\/\/mont-sur-meurthe.fr\/wp-content\/uploads\/2022\/03\/PlanDeZonage-PLU.pdf\" class=\"wp-block-file__button\" download aria-describedby=\"wp-block-file--media-dc8fd690-2e17-44e3-82e1-5de17a9afef4\">T\u00e9l\u00e9charger<\/a><\/div>\n","protected":false},"excerpt":{"rendered":"<p>Le PLU est un document indispensable pour planifier l\u2019urbanisme sur le long terme dans une commune ; c\u2019est un ensemble de r\u00e8gles, indiquant quelles formes doivent prendre les constructions, quelles zones doivent rester naturelles, quelles zones sont r\u00e9serv\u00e9es pour les constructions futures, etc. Il r\u00e9sume les intentions g\u00e9n\u00e9rales de la collectivit\u00e9 quant \u00e0 l\u2019\u00e9volution de <a href=\"https:\/\/mont-sur-meurthe.fr\/index.php\/plan-local-durbanisme\/\" class=\"read-more below\">READ MORE<\/a><\/p>\n","protected":false},"author":1,"featured_media":0,"parent":0,"menu_order":0,"comment_status":"closed","ping_status":"closed","template":"","meta":{"_monsterinsights_skip_tracking":false,"_monsterinsights_sitenote_active":false,"_monsterinsights_sitenote_note":"","_monsterinsights_sitenote_category":0,"_uf_show_specific_survey":0,"_uf_disable_surveys":false,"footnotes":""},"class_list":["post-5188","page","type-page","status-publish","hentry"],"aioseo_notices":[],"_links":{"self":[{"href":"https:\/\/mont-sur-meurthe.fr\/index.php\/wp-json\/wp\/v2\/pages\/5188","targetHints":{"allow":["GET"]}}],"collection":[{"href":"https:\/\/mont-sur-meurthe.fr\/index.php\/wp-json\/wp\/v2\/pages"}],"about":[{"href":"https:\/\/mont-sur-meurthe.fr\/index.php\/wp-json\/wp\/v2\/types\/page"}],"author":[{"embeddable":true,"href":"https:\/\/mont-sur-meurthe.fr\/index.php\/wp-json\/wp\/v2\/users\/1"}],"replies":[{"embeddable":true,"href":"https:\/\/mont-sur-meurthe.fr\/index.php\/wp-json\/wp\/v2\/comments?post=5188"}],"version-history":[{"count":6,"href":"https:\/\/mont-sur-meurthe.fr\/index.php\/wp-json\/wp\/v2\/pages\/5188\/revisions"}],"predecessor-version":[{"id":5561,"href":"https:\/\/mont-sur-meurthe.fr\/index.php\/wp-json\/wp\/v2\/pages\/5188\/revisions\/5561"}],"wp:attachment":[{"href":"https:\/\/mont-sur-meurthe.fr\/index.php\/wp-json\/wp\/v2\/media?parent=5188"}],"curies":[{"name":"wp","href":"https:\/\/api.w.org\/{rel}","templated":true}]}}