{"id":5189,"date":"2022-03-19T19:00:08","date_gmt":"2022-03-19T18:00:08","guid":{"rendered":"http:\/\/mont-sur-meurthe.fr\/?page_id=5189"},"modified":"2022-03-22T13:27:29","modified_gmt":"2022-03-22T12:27:29","slug":"dechetterie","status":"publish","type":"page","link":"https:\/\/mont-sur-meurthe.fr\/index.php\/dechetterie\/","title":{"rendered":"D\u00e9chetterie"},"content":{"rendered":"\n<p class=\"has-text-align-center\"><img fetchpriority=\"high\" decoding=\"async\" width=\"500\" height=\"281\" class=\"wp-image-5323\" style=\"width: 500px;\" src=\"https:\/\/mont-sur-meurthe.fr\/wp-content\/uploads\/2022\/03\/DechetterieBlainville.jpg\" alt=\"\" srcset=\"https:\/\/mont-sur-meurthe.fr\/wp-content\/uploads\/2022\/03\/DechetterieBlainville.jpg 1280w, https:\/\/mont-sur-meurthe.fr\/wp-content\/uploads\/2022\/03\/DechetterieBlainville-300x169.jpg 300w, https:\/\/mont-sur-meurthe.fr\/wp-content\/uploads\/2022\/03\/DechetterieBlainville-1024x576.jpg 1024w, https:\/\/mont-sur-meurthe.fr\/wp-content\/uploads\/2022\/03\/DechetterieBlainville-768x432.jpg 768w, https:\/\/mont-sur-meurthe.fr\/wp-content\/uploads\/2022\/03\/DechetterieBlainville-600x338.jpg 600w\" sizes=\"(max-width: 500px) 100vw, 500px\" \/><\/p>\n\n\n\n<p>Le service de gestion des d\u00e9chets est situ\u00e9 \u00e0 Blainville-sur-l\u2019Eau.<\/p>\n\n\n\n<p>Adresse&nbsp;:&nbsp;34 Rue de Mont sur Meurthe, 54360 Blainville-sur-l\u2019Eau<\/p>\n\n\n\n<p>L\u2019acc\u00e8s \u00e0 la d\u00e9chetterie de la CC3M permet 20 passages par foyer et par an, renouvelable une fois.<\/p>\n\n\n\n<p>Vous pouvez vous procurer votre carte en remplissant le bulletin \u00e0 t\u00e9l\u00e9charger\u00a0<a href=\"https:\/\/mont-sur-meurthe.fr\/wp-content\/uploads\/2022\/03\/Formulaire-demande-badge-2020.pdf\" target=\"_blank\" rel=\"noreferrer noopener\">ICI<\/a>, accompagn\u00e9 d\u2019un justificatif de domicile de moins de 3 mois, et en le d\u00e9posant\u00a0:<\/p>\n\n\n\n<ul class=\"wp-block-list\"><li>soit par mail \u00e0&nbsp;<a href=\"mailto:demandes.dechets@cc3m.fr\">demandes.dechets@cc3m.fr<\/a><\/li><li>soit par courrier \u00e0 la Communaut\u00e9 de communes au 56, avenue Pierre Semard 54360 BLAINVILLE SUR L\u2019EAU.<\/li><\/ul>\n\n\n\n<p>Dans un d\u00e9lai de 2 \u00e0 3 semaines, le badge vous sera directement envoy\u00e9 \u00e0 domicile.<\/p>\n\n\n\n<div class=\"wp-block-image\"><figure class=\"aligncenter size-large is-resized\"><img decoding=\"async\" src=\"https:\/\/mont-sur-meurthe.fr\/wp-content\/uploads\/2022\/03\/HorairesDechetterieBlainville-1024x938.png\" alt=\"\" class=\"wp-image-5325\" width=\"630\" height=\"577\" srcset=\"https:\/\/mont-sur-meurthe.fr\/wp-content\/uploads\/2022\/03\/HorairesDechetterieBlainville-1024x938.png 1024w, https:\/\/mont-sur-meurthe.fr\/wp-content\/uploads\/2022\/03\/HorairesDechetterieBlainville-300x275.png 300w, https:\/\/mont-sur-meurthe.fr\/wp-content\/uploads\/2022\/03\/HorairesDechetterieBlainville-768x703.png 768w, https:\/\/mont-sur-meurthe.fr\/wp-content\/uploads\/2022\/03\/HorairesDechetterieBlainville-600x549.png 600w, https:\/\/mont-sur-meurthe.fr\/wp-content\/uploads\/2022\/03\/HorairesDechetterieBlainville.png 1329w\" sizes=\"(max-width: 630px) 100vw, 630px\" \/><\/figure><\/div>\n\n\n\n<p>L\u2019acc\u00e8s \u00e0 la d\u00e9chetterie se fait uniquement sur pr\u00e9sentation de votre carte d\u2019acc\u00e8s avec un maxima journalier de 2 m3.<\/p>\n\n\n\n<p class=\"has-text-align-center\"><a href=\"http:\/\/cc3m.fr\/PDF\/CalendriersOM\/2022\/Mont%20sur%20meurthe.pdf\" target=\"_blank\" rel=\"noreferrer noopener\">Calendrier de ramassage des ordures m\u00e9nag\u00e8res de 2022 (cliquez pour afficher le fichier)<\/a><\/p>\n\n\n\n<p class=\"has-text-align-center\"><a href=\"https:\/\/mont-sur-meurthe.fr\/wp-content\/uploads\/2022\/03\/Poster-du-tri.pdf\" target=\"_blank\" rel=\"noreferrer noopener\">Le guide du tri (cliquez pour afficher le fichier)<\/a><\/p>\n","protected":false},"excerpt":{"rendered":"<p>Le service de gestion des d\u00e9chets est situ\u00e9 \u00e0 Blainville-sur-l\u2019Eau. Adresse&nbsp;:&nbsp;34 Rue de Mont sur Meurthe, 54360 Blainville-sur-l\u2019Eau L\u2019acc\u00e8s \u00e0 la d\u00e9chetterie de la CC3M permet 20 passages par foyer et par an, renouvelable une fois. Vous pouvez vous procurer votre carte en remplissant le bulletin \u00e0 t\u00e9l\u00e9charger\u00a0ICI, accompagn\u00e9 d\u2019un justificatif de domicile de moins <a href=\"https:\/\/mont-sur-meurthe.fr\/index.php\/dechetterie\/\" class=\"read-more below\">READ MORE<\/a><\/p>\n","protected":false},"author":1,"featured_media":0,"parent":0,"menu_order":0,"comment_status":"closed","ping_status":"closed","template":"","meta":{"_monsterinsights_skip_tracking":false,"_monsterinsights_sitenote_active":false,"_monsterinsights_sitenote_note":"","_monsterinsights_sitenote_category":0,"_uf_show_specific_survey":0,"_uf_disable_surveys":false,"footnotes":""},"class_list":["post-5189","page","type-page","status-publish","hentry"],"aioseo_notices":[],"_links":{"self":[{"href":"https:\/\/mont-sur-meurthe.fr\/index.php\/wp-json\/wp\/v2\/pages\/5189","targetHints":{"allow":["GET"]}}],"collection":[{"href":"https:\/\/mont-sur-meurthe.fr\/index.php\/wp-json\/wp\/v2\/pages"}],"about":[{"href":"https:\/\/mont-sur-meurthe.fr\/index.php\/wp-json\/wp\/v2\/types\/page"}],"author":[{"embeddable":true,"href":"https:\/\/mont-sur-meurthe.fr\/index.php\/wp-json\/wp\/v2\/users\/1"}],"replies":[{"embeddable":true,"href":"https:\/\/mont-sur-meurthe.fr\/index.php\/wp-json\/wp\/v2\/comments?post=5189"}],"version-history":[{"count":11,"href":"https:\/\/mont-sur-meurthe.fr\/index.php\/wp-json\/wp\/v2\/pages\/5189\/revisions"}],"predecessor-version":[{"id":5330,"href":"https:\/\/mont-sur-meurthe.fr\/index.php\/wp-json\/wp\/v2\/pages\/5189\/revisions\/5330"}],"wp:attachment":[{"href":"https:\/\/mont-sur-meurthe.fr\/index.php\/wp-json\/wp\/v2\/media?parent=5189"}],"curies":[{"name":"wp","href":"https:\/\/api.w.org\/{rel}","templated":true}]}}