{"id":5204,"date":"2022-03-19T19:10:40","date_gmt":"2022-03-19T18:10:40","guid":{"rendered":"http:\/\/mont-sur-meurthe.fr\/?page_id=5204"},"modified":"2022-03-22T14:41:52","modified_gmt":"2022-03-22T13:41:52","slug":"ccas","status":"publish","type":"page","link":"https:\/\/mont-sur-meurthe.fr\/index.php\/ccas\/","title":{"rendered":"CCAS"},"content":{"rendered":"\n<div class=\"wp-block-image\"><figure class=\"aligncenter size-full is-resized\"><img decoding=\"async\" src=\"https:\/\/mont-sur-meurthe.fr\/wp-content\/uploads\/2022\/03\/CCAS.jpg\" alt=\"\" class=\"wp-image-5390\" width=\"286\" height=\"162\" srcset=\"https:\/\/mont-sur-meurthe.fr\/wp-content\/uploads\/2022\/03\/CCAS.jpg 347w, https:\/\/mont-sur-meurthe.fr\/wp-content\/uploads\/2022\/03\/CCAS-300x169.jpg 300w\" sizes=\"(max-width: 286px) 100vw, 286px\" \/><\/figure><\/div>\n\n\n\n<p>Le CCAS constitue l\u2019outil principal des municipalit\u00e9s pour mettre en oeuvre les solidarit\u00e9s et organiser l\u2019aide sociale au profit des habitants de la commune. Ainsi, les CCAS ont pour r\u00f4le de lutter contre l\u2019exclusion, d\u2019accompagner les personnes \u00e2g\u00e9es, de soutenir les personnes souffrant de handicap et de g\u00e9rer diff\u00e9rentes structures destin\u00e9es aux enfants. <\/p>\n\n\n\n<p>Le CCAS est un \u00e9tablissement administratif public organis\u00e9 de la fa\u00e7on suivante\u00a0:<\/p>\n\n\n\n<ul class=\"wp-block-list\"><li><strong>Un pr\u00e9sident<\/strong>&nbsp;: le Maire de la commune<\/li><li><strong>Un conseil d\u2019administration<\/strong>&nbsp;: celui-ci est form\u00e9 d\u2019\u00e9lus locaux (conseillers municipaux) et de personnes nomm\u00e9es par le maire, comp\u00e9tentes dans le domaine de l\u2019action sociale<\/li><\/ul>\n\n\n\n<p>Pour Mont-sur-Meurthe, voici la composition du CCAS&nbsp;:<\/p>\n\n\n\n<figure class=\"wp-block-table is-style-stripes\"><table><tbody><tr><td>Pr\u00e9sident<\/td><td>Elus locaux<\/td><td>Repr\u00e9sentants de l\u2019action sociale<\/td><\/tr><tr><td>Jonathan KURKIENCY<\/td><td>Fran\u00e7oise SCHOINDRE<br>Brigitte DEFRANCE<br>Jessica HOFFMANN<br>Fran\u00e7ois BERG<\/td><td>Martine VICHARD <br>Bertrand HOPFNER (Emma\u00fcs)<br>Marianne COANUS (Familles Rurales)<\/td><\/tr><\/tbody><\/table><\/figure>\n\n\n\n<p><strong>Le conseil d\u2019administration d\u00e9cide des orientations et des choix de la politique sociale locale sans m\u00eame devoir solliciter l\u2019avis du conseil municipal.<\/strong><\/p>\n\n\n\n<p><strong><u>Quelles sont ses missions&nbsp;?<\/u><\/strong><\/p>\n\n\n\n<ul class=\"wp-block-list\"><li><strong>Il accompagne l\u2019attribution des aides sociales l\u00e9gales<\/strong>&nbsp;: Il informe et guide les habitants en situation de fragilit\u00e9 et instruit les demandes d\u2019aides. Cela participe \u00e0 la lutte contre&nbsp;<a href=\"https:\/\/www.aide-sociale.fr\/non-recours\/\" target=\"_blank\" rel=\"noreferrer noopener\">le non-recours aux aides sociales<\/a>.<\/li><li><strong>Il est \u00e0 l\u2019initiative d\u2019actions sociales locales<\/strong>&nbsp;: Selon les communes, ce champ d\u2019action peut \u00eatre tr\u00e8s large. Attribution de pr\u00eats sans int\u00e9r\u00eat,&nbsp;secours d\u2019urgence ou aides alimentaires pour les personnes en grande difficult\u00e9, gestion d\u2019\u00e9tablissements municipaux (maisons de retraite, centres a\u00e9r\u00e9s\u2026 ). Il peut \u00e9galement financer des animations, des sorties. Il n\u2019existe pas r\u00e9ellement de limite \u00e0 ces initiatives en dehors des moyens dont il dispose.<\/li><\/ul>\n\n\n\n<p><strong>A Mont-Sur-Meurthe, le CCAS aide par\u00a0:<\/strong><\/p>\n\n\n\n<p><strong>Le secours d\u2019urgence<\/strong><br><strong>L\u2019aide alimentaire<br>L\u2019aide aux Centre de Loisirs<br>L\u2019aide aux d\u00e9parts en vacances avec l\u2019instauration de chantiers jeunes<br>Des subventions aux associations humanitaires et alimentaires<br>L\u2019aide \u00e0 la recherche de logement d\u2019urgence<br>L\u2019aide aux d\u00e9marches administratives (en coop\u00e9ration avec le Centre Social \u00ab\u00a0La Renardi\u00e8re\u00a0\u00bb)<br>Le Repas des ain\u00e9s ou les bons d\u2019achat aux s\u00e9niors pour les f\u00eates\u2026<\/strong><\/p>\n","protected":false},"excerpt":{"rendered":"<p>Le CCAS constitue l\u2019outil principal des municipalit\u00e9s pour mettre en oeuvre les solidarit\u00e9s et organiser l\u2019aide sociale au profit des habitants de la commune. Ainsi, les CCAS ont pour r\u00f4le de lutter contre l\u2019exclusion, d\u2019accompagner les personnes \u00e2g\u00e9es, de soutenir les personnes souffrant de handicap et de g\u00e9rer diff\u00e9rentes structures destin\u00e9es aux enfants. Le CCAS <a href=\"https:\/\/mont-sur-meurthe.fr\/index.php\/ccas\/\" class=\"read-more below\">READ MORE<\/a><\/p>\n","protected":false},"author":1,"featured_media":0,"parent":0,"menu_order":0,"comment_status":"closed","ping_status":"closed","template":"","meta":{"_monsterinsights_skip_tracking":false,"_monsterinsights_sitenote_active":false,"_monsterinsights_sitenote_note":"","_monsterinsights_sitenote_category":0,"_uf_show_specific_survey":0,"_uf_disable_surveys":false,"footnotes":""},"class_list":["post-5204","page","type-page","status-publish","hentry"],"aioseo_notices":[],"_links":{"self":[{"href":"https:\/\/mont-sur-meurthe.fr\/index.php\/wp-json\/wp\/v2\/pages\/5204","targetHints":{"allow":["GET"]}}],"collection":[{"href":"https:\/\/mont-sur-meurthe.fr\/index.php\/wp-json\/wp\/v2\/pages"}],"about":[{"href":"https:\/\/mont-sur-meurthe.fr\/index.php\/wp-json\/wp\/v2\/types\/page"}],"author":[{"embeddable":true,"href":"https:\/\/mont-sur-meurthe.fr\/index.php\/wp-json\/wp\/v2\/users\/1"}],"replies":[{"embeddable":true,"href":"https:\/\/mont-sur-meurthe.fr\/index.php\/wp-json\/wp\/v2\/comments?post=5204"}],"version-history":[{"count":8,"href":"https:\/\/mont-sur-meurthe.fr\/index.php\/wp-json\/wp\/v2\/pages\/5204\/revisions"}],"predecessor-version":[{"id":5391,"href":"https:\/\/mont-sur-meurthe.fr\/index.php\/wp-json\/wp\/v2\/pages\/5204\/revisions\/5391"}],"wp:attachment":[{"href":"https:\/\/mont-sur-meurthe.fr\/index.php\/wp-json\/wp\/v2\/media?parent=5204"}],"curies":[{"name":"wp","href":"https:\/\/api.w.org\/{rel}","templated":true}]}}