{"id":5221,"date":"2022-03-19T19:21:04","date_gmt":"2022-03-19T18:21:04","guid":{"rendered":"http:\/\/mont-sur-meurthe.fr\/?page_id=5221"},"modified":"2022-04-01T14:35:43","modified_gmt":"2022-04-01T12:35:43","slug":"mariage-pacs","status":"publish","type":"page","link":"https:\/\/mont-sur-meurthe.fr\/index.php\/mariage-pacs\/","title":{"rendered":"Mariage, PACS"},"content":{"rendered":"\n<div class=\"wp-block-image\"><figure class=\"aligncenter size-full is-resized\"><img fetchpriority=\"high\" decoding=\"async\" src=\"https:\/\/mont-sur-meurthe.fr\/wp-content\/uploads\/2022\/04\/mariageetpacs.jpg\" alt=\"\" class=\"wp-image-5788\" width=\"734\" height=\"242\" srcset=\"https:\/\/mont-sur-meurthe.fr\/wp-content\/uploads\/2022\/04\/mariageetpacs.jpg 980w, https:\/\/mont-sur-meurthe.fr\/wp-content\/uploads\/2022\/04\/mariageetpacs-300x99.jpg 300w, https:\/\/mont-sur-meurthe.fr\/wp-content\/uploads\/2022\/04\/mariageetpacs-768x253.jpg 768w, https:\/\/mont-sur-meurthe.fr\/wp-content\/uploads\/2022\/04\/mariageetpacs-600x198.jpg 600w\" sizes=\"(max-width: 734px) 100vw, 734px\" \/><\/figure><\/div>\n\n\n\n<h2 class=\"wp-block-heading\">Mariage<\/h2>\n\n\n\n<p>La mariage doit \u00eatre c\u00e9l\u00e9br\u00e9 \u00e0 la mairie du domicile de l\u2019un des futurs \u00e9poux, de l&rsquo;un de leurs parents, ou de sa r\u00e9sidence \u00e9tablie par un mois d\u2019habitation continu. Les \u00e9poux doivent avoir 18 ans. Un recueil fournissant tous les renseignements sur les formalit\u00e9s \u00e0 accomplir est remis par le service.<\/p>\n\n\n\n<p>Pi\u00e8ces \u00e0 fournir :<strong><\/strong><\/p>\n\n\n\n<ul class=\"wp-block-list\"><li>Copie int\u00e9grale de l\u2019acte de naissance<\/li><li>Attestation de domicile<\/li><li>Pi\u00e8ce d\u2019identit\u00e9<\/li><li>Indication des t\u00e9moins majeurs (2 minimum, 4 maximum) avec copie d&rsquo;une pi\u00e8ce d&rsquo;identit\u00e9<\/li><li>Certificat de coutume et de capacit\u00e9 matrimoniale pour les \u00e9trangers<\/li><\/ul>\n\n\n\n<p>Suivant le cas :<\/p>\n\n\n\n<ul class=\"wp-block-list\"><li>Extrait de d\u00e9c\u00e8s du pr\u00e9c\u00e9dent conjoint<\/li><li>Extrait d\u2019acte de mariage avec mention divorc\u00e9(e), pour les divorc\u00e9s<\/li><li>Eventuellement certificat de contrat de mariage d\u00e9livr\u00e9 par le notaire<\/li><\/ul>\n\n\n\n<div style=\"height:36px\" aria-hidden=\"true\" class=\"wp-block-spacer\"><\/div>\n\n\n\n<h2 class=\"wp-block-heading\">Pacte civil de solidarit\u00e9 (PACS)<\/h2>\n\n\n\n<p>Le PACS cr\u00e9e des droits et des obligations entre les partenaires.<br>En mairie depuis le 1er novembre 2017.<\/p>\n\n\n\n<p>Dossier \u00e0 t\u00e9l\u00e9charger sur le site\u00a0<strong><a href=\"https:\/\/www.service-public.fr\/particuliers\/vosdroits\/N144\" target=\"_blank\" rel=\"noreferrer noopener\">service-public.fr<\/a><\/strong>\u00a0ou \u00e0 retirer en mairie. Le PACS peut \u00eatre enregistr\u00e9 soit en mairie ou chez un notaire, o\u00f9 les partenaires fixent leur r\u00e9sidence commune.<\/p>\n\n\n\n<p>A Mont-sur-Meurthe, il est possible de faire une c\u00e9r\u00e9monie de PACS.<\/p>\n","protected":false},"excerpt":{"rendered":"<p>Mariage La mariage doit \u00eatre c\u00e9l\u00e9br\u00e9 \u00e0 la mairie du domicile de l\u2019un des futurs \u00e9poux, de l&rsquo;un de leurs parents, ou de sa r\u00e9sidence \u00e9tablie par un mois d\u2019habitation continu. Les \u00e9poux doivent avoir 18 ans. Un recueil fournissant tous les renseignements sur les formalit\u00e9s \u00e0 accomplir est remis par le service. Pi\u00e8ces \u00e0 <a href=\"https:\/\/mont-sur-meurthe.fr\/index.php\/mariage-pacs\/\" class=\"read-more below\">READ MORE<\/a><\/p>\n","protected":false},"author":1,"featured_media":0,"parent":0,"menu_order":0,"comment_status":"closed","ping_status":"closed","template":"","meta":{"_monsterinsights_skip_tracking":false,"_monsterinsights_sitenote_active":false,"_monsterinsights_sitenote_note":"","_monsterinsights_sitenote_category":0,"_uf_show_specific_survey":0,"_uf_disable_surveys":false,"footnotes":""},"class_list":["post-5221","page","type-page","status-publish","hentry"],"aioseo_notices":[],"_links":{"self":[{"href":"https:\/\/mont-sur-meurthe.fr\/index.php\/wp-json\/wp\/v2\/pages\/5221","targetHints":{"allow":["GET"]}}],"collection":[{"href":"https:\/\/mont-sur-meurthe.fr\/index.php\/wp-json\/wp\/v2\/pages"}],"about":[{"href":"https:\/\/mont-sur-meurthe.fr\/index.php\/wp-json\/wp\/v2\/types\/page"}],"author":[{"embeddable":true,"href":"https:\/\/mont-sur-meurthe.fr\/index.php\/wp-json\/wp\/v2\/users\/1"}],"replies":[{"embeddable":true,"href":"https:\/\/mont-sur-meurthe.fr\/index.php\/wp-json\/wp\/v2\/comments?post=5221"}],"version-history":[{"count":3,"href":"https:\/\/mont-sur-meurthe.fr\/index.php\/wp-json\/wp\/v2\/pages\/5221\/revisions"}],"predecessor-version":[{"id":5791,"href":"https:\/\/mont-sur-meurthe.fr\/index.php\/wp-json\/wp\/v2\/pages\/5221\/revisions\/5791"}],"wp:attachment":[{"href":"https:\/\/mont-sur-meurthe.fr\/index.php\/wp-json\/wp\/v2\/media?parent=5221"}],"curies":[{"name":"wp","href":"https:\/\/api.w.org\/{rel}","templated":true}]}}