{"id":5222,"date":"2022-03-19T19:21:04","date_gmt":"2022-03-19T18:21:04","guid":{"rendered":"http:\/\/mont-sur-meurthe.fr\/?page_id=5222"},"modified":"2025-06-12T17:19:23","modified_gmt":"2025-06-12T15:19:23","slug":"eau-et-assainissement","status":"publish","type":"page","link":"https:\/\/mont-sur-meurthe.fr\/index.php\/eau-et-assainissement\/","title":{"rendered":"Eau et assainissement"},"content":{"rendered":"\n<div style=\"height:36px\" aria-hidden=\"true\" class=\"wp-block-spacer\"><\/div>\n\n\n\n<h4 class=\"wp-block-heading\">Eau potable :<\/h4>\n\n\n\n<p>Le Service des Eaux de Mont-sur-Meurthe est g\u00e9r\u00e9 en r\u00e9gie.<\/p>\n\n\n\n<p><strong _istranslated=\"1\" _msttexthash=\"2952040\" _msthash=\"733\">Part variable : 2,25 \u20ac\/m3<\/strong><sup _istranslated=\"1\"> <\/sup>(non redevance pollution : 0,35 \u20ac\/m3 et agence de bassin : 0,05 \u20ac\/m3)<\/p>\n\n\n\n<p><strong _msttexthash=\"126724\" _msthash=\"771\">Part fixe : 4<\/strong><strong>0<\/strong><strong _msttexthash=\"791661\" _msthash=\"771\">\u20ac \/an<\/strong><\/p>\n\n\n\n<p>T\u00e9l\u00e9charger le r\u00e8glement de l&rsquo;Eau Potable du Service des Eaux :&nbsp;<strong><a href=\"https:\/\/mont-sur-meurthe.fr\/wp-content\/uploads\/2022\/03\/ReglementEauPotable-MSM.pdf\" target=\"_blank\" rel=\"noreferrer noopener\">ReglementEauPotable-MSM.pdf<\/a><\/strong><\/p>\n\n\n\n<div style=\"height:36px\" aria-hidden=\"true\" class=\"wp-block-spacer\"><\/div>\n\n\n<div class=\"wp-block-image\">\n<figure class=\"aligncenter\"><img decoding=\"async\" src=\"https:\/\/mont-sur-meurthe.fr\/wp-content\/uploads\/2022\/03\/TarificationPrestationsPenalitsEau.png\" alt=\"\"\/><\/figure>\n<\/div>\n\n\n<div style=\"height:36px\" aria-hidden=\"true\" class=\"wp-block-spacer\"><\/div>\n\n\n\n<h4 class=\"wp-block-heading\">Assainissement :<\/h4>\n\n\n\n<p>Le Syndicat Intercommunal de l&rsquo;Environnement (S.I.E.) a la comp\u00e9tence sur les r\u00e9seaux d&rsquo;assainissement.<\/p>\n\n\n\n<p>T\u00e9l : 03 83 71 16 60<\/p>\n\n\n\n<p>Courriel : sie54360a@fr.oleane.com<\/p>\n\n\n\n<p>Site :&nbsp;<a href=\"http:\/\/www.sie54-bdmr.fr\/\" target=\"_blank\" rel=\"noreferrer noopener\">www.sie54-bdmr.fr<\/a><\/p>\n\n\n\n<h6 class=\"wp-block-heading\"><strong>Station d&rsquo;\u00e9puration (STEP) :<\/strong><\/h6>\n\n\n<div class=\"wp-block-image\">\n<figure class=\"aligncenter is-resized\"><img decoding=\"async\" src=\"https:\/\/mont-sur-meurthe.fr\/wp-content\/uploads\/2022\/03\/STEP.jpg\" alt=\"\" style=\"width:654px;height:343px\"\/><\/figure>\n<\/div>","protected":false},"excerpt":{"rendered":"<p>Eau potable : Le Service des Eaux de Mont-sur-Meurthe est g\u00e9r\u00e9 en r\u00e9gie. Part variable : 2,25 \u20ac\/m3 (non redevance pollution : 0,35 \u20ac\/m3 et agence de bassin : 0,05 \u20ac\/m3) Part fixe : 40\u20ac \/an T\u00e9l\u00e9charger le r\u00e8glement de l&rsquo;Eau Potable du Service des Eaux :&nbsp;ReglementEauPotable-MSM.pdf Assainissement : Le Syndicat Intercommunal de l&rsquo;Environnement (S.I.E.) <a href=\"https:\/\/mont-sur-meurthe.fr\/index.php\/eau-et-assainissement\/\" class=\"read-more below\">READ MORE<\/a><\/p>\n","protected":false},"author":1,"featured_media":0,"parent":0,"menu_order":0,"comment_status":"closed","ping_status":"closed","template":"","meta":{"_monsterinsights_skip_tracking":false,"_monsterinsights_sitenote_active":false,"_monsterinsights_sitenote_note":"","_monsterinsights_sitenote_category":0,"_uf_show_specific_survey":0,"_uf_disable_surveys":false,"footnotes":""},"class_list":["post-5222","page","type-page","status-publish","hentry"],"aioseo_notices":[],"_links":{"self":[{"href":"https:\/\/mont-sur-meurthe.fr\/index.php\/wp-json\/wp\/v2\/pages\/5222","targetHints":{"allow":["GET"]}}],"collection":[{"href":"https:\/\/mont-sur-meurthe.fr\/index.php\/wp-json\/wp\/v2\/pages"}],"about":[{"href":"https:\/\/mont-sur-meurthe.fr\/index.php\/wp-json\/wp\/v2\/types\/page"}],"author":[{"embeddable":true,"href":"https:\/\/mont-sur-meurthe.fr\/index.php\/wp-json\/wp\/v2\/users\/1"}],"replies":[{"embeddable":true,"href":"https:\/\/mont-sur-meurthe.fr\/index.php\/wp-json\/wp\/v2\/comments?post=5222"}],"version-history":[{"count":8,"href":"https:\/\/mont-sur-meurthe.fr\/index.php\/wp-json\/wp\/v2\/pages\/5222\/revisions"}],"predecessor-version":[{"id":6011,"href":"https:\/\/mont-sur-meurthe.fr\/index.php\/wp-json\/wp\/v2\/pages\/5222\/revisions\/6011"}],"wp:attachment":[{"href":"https:\/\/mont-sur-meurthe.fr\/index.php\/wp-json\/wp\/v2\/media?parent=5222"}],"curies":[{"name":"wp","href":"https:\/\/api.w.org\/{rel}","templated":true}]}}