{"id":5239,"date":"2022-03-19T19:25:32","date_gmt":"2022-03-19T18:25:32","guid":{"rendered":"http:\/\/mont-sur-meurthe.fr\/?page_id=5239"},"modified":"2022-03-22T13:47:57","modified_gmt":"2022-03-22T12:47:57","slug":"cidff","status":"publish","type":"page","link":"https:\/\/mont-sur-meurthe.fr\/index.php\/cidff\/","title":{"rendered":"CIDFF"},"content":{"rendered":"\n<div class=\"wp-block-image\"><figure class=\"aligncenter size-full is-resized\"><img fetchpriority=\"high\" decoding=\"async\" src=\"https:\/\/mont-sur-meurthe.fr\/wp-content\/uploads\/2022\/03\/CIDFF.jpg\" alt=\"\" class=\"wp-image-5341\" width=\"510\" height=\"273\" srcset=\"https:\/\/mont-sur-meurthe.fr\/wp-content\/uploads\/2022\/03\/CIDFF.jpg 750w, https:\/\/mont-sur-meurthe.fr\/wp-content\/uploads\/2022\/03\/CIDFF-300x160.jpg 300w, https:\/\/mont-sur-meurthe.fr\/wp-content\/uploads\/2022\/03\/CIDFF-600x321.jpg 600w\" sizes=\"(max-width: 510px) 100vw, 510px\" \/><\/figure><\/div>\n\n\n\n<p>Le\u00a0<strong>CIDFF<\/strong>\u00a0(<em>Centre d\u2019Information sur les Droits des Femmes et des Familles<\/em>) est agr\u00e9\u00e9 par l\u2019Etat et pr\u00e9sent sur le territoire Lun\u00e9villois pour informer, accompagner et orienter les femmes qui ont subi ou subissent des violences.<\/p>\n\n\n\n<p><br><strong>Mais le CIDFF c\u2019est aussi :<\/strong><br>L\u2019espace rencontre \u2018\u2019entre parent\u2019Aise\u2019\u2019 qui est un lieu d\u2019accueil neutre et autonome qui a pour objectif d\u2019instaurer de maintenir ou de r\u00e9tablir des relations entre un enfant et un parent, des grands-parents ou un tiers.<br>Plusieurs&nbsp;<strong>permanences juridiques<\/strong>&nbsp;dans le lun\u00e9villois dont une \u00e0 la Maison des Services (1er \u00e9tage \u2013 Bureau Partag\u00e9) de Gerb\u00e9viller.<strong>&nbsp;<\/strong><\/p>\n\n\n\n<p><strong>Le 1er Mardi de chaque mois : de 13h30 \u00e0 16h30<\/strong>.<\/p>\n\n\n\n<p>Lors de ces permanences, le CIDFF est cens\u00e9&nbsp;<strong>apporter des r\u00e9ponses personnalis\u00e9es<\/strong>, accessibles et concr\u00e8tes aux questions juridiques \u00e0 tous publics<strong>&nbsp;sur les droits de la famille<\/strong>&nbsp;: la vie quotidienne, la violence et les discriminations, le droit des \u00e9trangers,\u2026<\/p>\n\n\n\n<p><strong>Le CIDFF peut accompagner individuellement ou collectivement les hommes et les femmes confront\u00e9s \u00e0 des difficult\u00e9s particuli\u00e8res et l\u2019insertion sociale et \/ou professionnelles :<\/strong><\/p>\n\n\n\n<p class=\"has-text-align-center\">Contact : pole-insertion-emploi@cidff-luneville.fr<\/p>\n\n\n\n<p class=\"has-text-align-center\">9, rue Ren\u00e9 Basset<br>54300 LUN\u00c9VILLE<br>03 83 74 21 07<br>secretariat@cidff-luneville.fr<br><strong>Ouvert de 9h \u00e0 17h<\/strong><br><strong>du lundi au vendredi.<\/strong><br><strong>03 83 75 80 75<\/strong><br><strong>09 67 09 88 56<\/strong><\/p>\n","protected":false},"excerpt":{"rendered":"<p>Le\u00a0CIDFF\u00a0(Centre d\u2019Information sur les Droits des Femmes et des Familles) est agr\u00e9\u00e9 par l\u2019Etat et pr\u00e9sent sur le territoire Lun\u00e9villois pour informer, accompagner et orienter les femmes qui ont subi ou subissent des violences. Mais le CIDFF c\u2019est aussi :L\u2019espace rencontre \u2018\u2019entre parent\u2019Aise\u2019\u2019 qui est un lieu d\u2019accueil neutre et autonome qui a pour objectif <a href=\"https:\/\/mont-sur-meurthe.fr\/index.php\/cidff\/\" class=\"read-more below\">READ MORE<\/a><\/p>\n","protected":false},"author":1,"featured_media":0,"parent":0,"menu_order":0,"comment_status":"closed","ping_status":"closed","template":"","meta":{"_monsterinsights_skip_tracking":false,"_monsterinsights_sitenote_active":false,"_monsterinsights_sitenote_note":"","_monsterinsights_sitenote_category":0,"_uf_show_specific_survey":0,"_uf_disable_surveys":false,"footnotes":""},"class_list":["post-5239","page","type-page","status-publish","hentry"],"aioseo_notices":[],"_links":{"self":[{"href":"https:\/\/mont-sur-meurthe.fr\/index.php\/wp-json\/wp\/v2\/pages\/5239","targetHints":{"allow":["GET"]}}],"collection":[{"href":"https:\/\/mont-sur-meurthe.fr\/index.php\/wp-json\/wp\/v2\/pages"}],"about":[{"href":"https:\/\/mont-sur-meurthe.fr\/index.php\/wp-json\/wp\/v2\/types\/page"}],"author":[{"embeddable":true,"href":"https:\/\/mont-sur-meurthe.fr\/index.php\/wp-json\/wp\/v2\/users\/1"}],"replies":[{"embeddable":true,"href":"https:\/\/mont-sur-meurthe.fr\/index.php\/wp-json\/wp\/v2\/comments?post=5239"}],"version-history":[{"count":4,"href":"https:\/\/mont-sur-meurthe.fr\/index.php\/wp-json\/wp\/v2\/pages\/5239\/revisions"}],"predecessor-version":[{"id":5342,"href":"https:\/\/mont-sur-meurthe.fr\/index.php\/wp-json\/wp\/v2\/pages\/5239\/revisions\/5342"}],"wp:attachment":[{"href":"https:\/\/mont-sur-meurthe.fr\/index.php\/wp-json\/wp\/v2\/media?parent=5239"}],"curies":[{"name":"wp","href":"https:\/\/api.w.org\/{rel}","templated":true}]}}