{"id":5241,"date":"2022-03-19T19:25:32","date_gmt":"2022-03-19T18:25:32","guid":{"rendered":"http:\/\/mont-sur-meurthe.fr\/?page_id=5241"},"modified":"2022-03-22T13:50:20","modified_gmt":"2022-03-22T12:50:20","slug":"centre-social-la-renardiere","status":"publish","type":"page","link":"https:\/\/mont-sur-meurthe.fr\/index.php\/centre-social-la-renardiere\/","title":{"rendered":"Centre social la Renardi\u00e8re"},"content":{"rendered":"\n<div class=\"wp-block-image\"><figure class=\"aligncenter size-full is-resized\"><img fetchpriority=\"high\" decoding=\"async\" src=\"https:\/\/mont-sur-meurthe.fr\/wp-content\/uploads\/2022\/03\/CentreSocialRenardiere.jpg\" alt=\"\" class=\"wp-image-5343\" width=\"756\" height=\"348\" srcset=\"https:\/\/mont-sur-meurthe.fr\/wp-content\/uploads\/2022\/03\/CentreSocialRenardiere.jpg 890w, https:\/\/mont-sur-meurthe.fr\/wp-content\/uploads\/2022\/03\/CentreSocialRenardiere-300x138.jpg 300w, https:\/\/mont-sur-meurthe.fr\/wp-content\/uploads\/2022\/03\/CentreSocialRenardiere-768x354.jpg 768w, https:\/\/mont-sur-meurthe.fr\/wp-content\/uploads\/2022\/03\/CentreSocialRenardiere-600x276.jpg 600w\" sizes=\"(max-width: 756px) 100vw, 756px\" \/><\/figure><\/div>\n\n\n\n<p>C\u2019est un service, \u00e0 l\u2019\u00e9coute des pr\u00e9occupations des familles du territoire, qui permet \u00e9galement de s\u2019investir sur\u00a0<strong>diff\u00e9rents axes autours de la parentalit\u00e9, de la jeunesse, des ain\u00e9<\/strong>s\u2026 l\u2019Association s\u2019est vu<strong>\u00a0labelliser MSAP (Maison de Service Au Public)<\/strong>, en 2015, et\u00a0<strong>PCB (Point Conseil Budget)<\/strong>\u00a0en 2019, afin de r\u00e9pondre davantage aux besoins.<\/p>\n\n\n\n<p>Le&nbsp;<strong>label \u00ab France Services \u00bb<\/strong>&nbsp;obtenu en janvier 2020, permet de proposer des permanences aux habitants de la CC3M.<\/p>\n\n\n\n<p><strong>Il s\u2019agit d\u2019un accompagnement gratuit et anonyme dans les d\u00e9marches aupr\u00e8s de : la CAF, la CPAM, le P\u00f4le-Emploi, la CARSAT, la MSA,\u2026<\/strong><\/p>\n\n\n\n<p>Les permanences sont tenues Marianne COANUS, r\u00e9f\u00e9rente du P\u00f4le Social.<\/p>\n\n\n\n<p class=\"has-text-align-center\"><strong>Tous les vendredis apr\u00e8s-midi.<\/strong><\/p>\n\n\n\n<p class=\"has-text-align-center\"><strong>Marianne Coanus \u2013 r\u00e9f\u00e9rente P\u00f4le social<\/strong><br>marianne.coanus@famillesrurales.org<br>07 88 03 92 12 \/ 03 83 74 45 38<\/p>\n","protected":false},"excerpt":{"rendered":"<p>C\u2019est un service, \u00e0 l\u2019\u00e9coute des pr\u00e9occupations des familles du territoire, qui permet \u00e9galement de s\u2019investir sur\u00a0diff\u00e9rents axes autours de la parentalit\u00e9, de la jeunesse, des ain\u00e9s\u2026 l\u2019Association s\u2019est vu\u00a0labelliser MSAP (Maison de Service Au Public), en 2015, et\u00a0PCB (Point Conseil Budget)\u00a0en 2019, afin de r\u00e9pondre davantage aux besoins. Le&nbsp;label \u00ab France Services \u00bb&nbsp;obtenu en <a href=\"https:\/\/mont-sur-meurthe.fr\/index.php\/centre-social-la-renardiere\/\" class=\"read-more below\">READ MORE<\/a><\/p>\n","protected":false},"author":1,"featured_media":0,"parent":0,"menu_order":0,"comment_status":"closed","ping_status":"closed","template":"","meta":{"_monsterinsights_skip_tracking":false,"_monsterinsights_sitenote_active":false,"_monsterinsights_sitenote_note":"","_monsterinsights_sitenote_category":0,"_uf_show_specific_survey":0,"_uf_disable_surveys":false,"footnotes":""},"class_list":["post-5241","page","type-page","status-publish","hentry"],"aioseo_notices":[],"_links":{"self":[{"href":"https:\/\/mont-sur-meurthe.fr\/index.php\/wp-json\/wp\/v2\/pages\/5241","targetHints":{"allow":["GET"]}}],"collection":[{"href":"https:\/\/mont-sur-meurthe.fr\/index.php\/wp-json\/wp\/v2\/pages"}],"about":[{"href":"https:\/\/mont-sur-meurthe.fr\/index.php\/wp-json\/wp\/v2\/types\/page"}],"author":[{"embeddable":true,"href":"https:\/\/mont-sur-meurthe.fr\/index.php\/wp-json\/wp\/v2\/users\/1"}],"replies":[{"embeddable":true,"href":"https:\/\/mont-sur-meurthe.fr\/index.php\/wp-json\/wp\/v2\/comments?post=5241"}],"version-history":[{"count":3,"href":"https:\/\/mont-sur-meurthe.fr\/index.php\/wp-json\/wp\/v2\/pages\/5241\/revisions"}],"predecessor-version":[{"id":5344,"href":"https:\/\/mont-sur-meurthe.fr\/index.php\/wp-json\/wp\/v2\/pages\/5241\/revisions\/5344"}],"wp:attachment":[{"href":"https:\/\/mont-sur-meurthe.fr\/index.php\/wp-json\/wp\/v2\/media?parent=5241"}],"curies":[{"name":"wp","href":"https:\/\/api.w.org\/{rel}","templated":true}]}}