{"id":5243,"date":"2022-03-19T19:25:32","date_gmt":"2022-03-19T18:25:32","guid":{"rendered":"http:\/\/mont-sur-meurthe.fr\/?page_id=5243"},"modified":"2022-03-22T13:55:45","modified_gmt":"2022-03-22T12:55:45","slug":"mission-locale","status":"publish","type":"page","link":"https:\/\/mont-sur-meurthe.fr\/index.php\/mission-locale\/","title":{"rendered":"Mission locale"},"content":{"rendered":"\n<div class=\"wp-block-image\"><figure class=\"aligncenter size-full\"><img fetchpriority=\"high\" decoding=\"async\" width=\"495\" height=\"102\" src=\"https:\/\/mont-sur-meurthe.fr\/wp-content\/uploads\/2022\/03\/MisionLocale.png\" alt=\"\" class=\"wp-image-5351\" srcset=\"https:\/\/mont-sur-meurthe.fr\/wp-content\/uploads\/2022\/03\/MisionLocale.png 495w, https:\/\/mont-sur-meurthe.fr\/wp-content\/uploads\/2022\/03\/MisionLocale-300x62.png 300w\" sizes=\"(max-width: 495px) 100vw, 495px\" \/><\/figure><\/div>\n\n\n\n<p>\u00ab Si vous \u00eates jeunes et que vous vous posez des questions sur votre orientation, votre formation, votre recherche d\u2019emploi ou sur tout autre domaine de la vie quotidienne (logement sant\u00e9, mobilit\u00e9, budget, acc\u00e8s au num\u00e9rique\u2026) vous pouvez prendre directement contact avec la Mission Locale. \u00bb<\/p>\n\n\n\n<p>La Mission Locale du Lun\u00e9villois est une association au service des jeunes de 16-25 ans qui souhaitent entrer dans la vie active. Le service est gratuit. Les jeunes accueillis sont accompagn\u00e9s par des conseillers pour les aider \u00e0 construire leur parcours professionnel et social jusqu\u2019\u00e0 leur autonomie.<\/p>\n\n\n\n<p>La Mission Locale du Lun\u00e9villois tient des permanences sur tout le territoire Lun\u00e9villois et notamment sur l\u2019ensemble de la Communaut\u00e9 de Communes Meurthe Mortagne Moselle :<\/p>\n\n\n\n<ul class=\"wp-block-list\"><li>\u00e0&nbsp;<strong>Blainville-sur-l&rsquo;Eau<\/strong>&nbsp;: Le mardi toute la journ\u00e9e et le jeudi matin &#8211; 21, rue Saint Dominique \u2013 Blainville-sur-l\u2019Eau prise de RDV au 03.83.75.71.55<\/li><li>\u00e0&nbsp;<strong>Virecourt<\/strong>&nbsp;: un mercredi\/2 (semaines impaires) de 9h \u00e0 12h &#8211; 3, rue de la gare &#8211; Virecourt &#8211; prise de RDV au 03.83.74.04.53<\/li><li>\u00e0&nbsp;<strong>Gerb\u00e9viller<\/strong>&nbsp;: un mercredi\/2 (semaines paires) de 9h \u00e0 12h &#8211; maison des services 12, rue Maurice Barr\u00e8s &#8211; Gerb\u00e9viller &#8211; prise de RDV au 03.83.74.04.53<\/li><\/ul>\n\n\n\n<p>Dans le cadre de l\u2019accompagnement , plusieurs outils peuvent \u00eatre propos\u00e9s : mise en relation avec des entreprises gr\u00e2ce \u00e0 une cv-th\u00e8que active, stages en entreprise (PMSMP), ateliers d\u2019orientation, ateliers de recherche d\u2019emploi (cv, lettre de motivation, ciblage d\u2019entreprises), accompagnements intensifs vers l\u2019emploi r\u00e9mun\u00e9r\u00e9s (garantie jeunes) ou pas, tests de niveaux, offres de formations r\u00e9mun\u00e9r\u00e9es ou non, aides et ateliers \u00e0 la mobilit\u00e9, offres d\u2019emploi ou de service civique, accompagnements sp\u00e9cifiques (sociaux ou de sant\u00e9).<\/p>\n\n\n\n<p>La Mission Locale met en place \u00e9galement des forums emplois, des job-dating, des visites en entreprises, des ateliers collectifs en mati\u00e8re de sant\u00e9 et de logement, des modules sur les savoir-\u00eatre et savoir-faire, des ateliers num\u00e9riques, des actions sur la citoyennet\u00e9\u2026<\/p>\n\n\n\n<p>Elle oriente \u00e9galement les jeunes vers d\u2019autres partenaires qui peuvent les aider.<\/p>\n\n\n\n<p>Afin d\u2019en savoir un peu plus, vous pouvez vous rendre sur le site internet de la Mission Locale du Lun\u00e9villois&nbsp;<strong><a href=\"http:\/\/mllweb.info\/\" target=\"_blank\" rel=\"noreferrer noopener\">http:\/\/mllweb.info<\/a><\/strong>&nbsp;et aller sur notre page&nbsp;<strong><a href=\"https:\/\/www.facebook.com\/MLLuneville\/\" target=\"_blank\" rel=\"noreferrer noopener\">facebook<\/a><\/strong>.<\/p>\n\n\n\n<p>Adresse du si\u00e8ge : Mission Locale du Lun\u00e9villois 12 rue Ren\u00e9 Basset 54300 Lun\u00e9ville<\/p>\n\n\n\n<p>T\u00e9l : 03.83.74.04.53<\/p>\n\n\n\n<p>Mail :&nbsp;<a href=\"mailto:accueil@mllweb.info\">accueil@mllweb.info<\/a><\/p>\n","protected":false},"excerpt":{"rendered":"<p>\u00ab Si vous \u00eates jeunes et que vous vous posez des questions sur votre orientation, votre formation, votre recherche d\u2019emploi ou sur tout autre domaine de la vie quotidienne (logement sant\u00e9, mobilit\u00e9, budget, acc\u00e8s au num\u00e9rique\u2026) vous pouvez prendre directement contact avec la Mission Locale. \u00bb La Mission Locale du Lun\u00e9villois est une association au <a href=\"https:\/\/mont-sur-meurthe.fr\/index.php\/mission-locale\/\" class=\"read-more below\">READ MORE<\/a><\/p>\n","protected":false},"author":1,"featured_media":0,"parent":0,"menu_order":0,"comment_status":"closed","ping_status":"closed","template":"","meta":{"_monsterinsights_skip_tracking":false,"_monsterinsights_sitenote_active":false,"_monsterinsights_sitenote_note":"","_monsterinsights_sitenote_category":0,"_uf_show_specific_survey":0,"_uf_disable_surveys":false,"footnotes":""},"class_list":["post-5243","page","type-page","status-publish","hentry"],"aioseo_notices":[],"_links":{"self":[{"href":"https:\/\/mont-sur-meurthe.fr\/index.php\/wp-json\/wp\/v2\/pages\/5243","targetHints":{"allow":["GET"]}}],"collection":[{"href":"https:\/\/mont-sur-meurthe.fr\/index.php\/wp-json\/wp\/v2\/pages"}],"about":[{"href":"https:\/\/mont-sur-meurthe.fr\/index.php\/wp-json\/wp\/v2\/types\/page"}],"author":[{"embeddable":true,"href":"https:\/\/mont-sur-meurthe.fr\/index.php\/wp-json\/wp\/v2\/users\/1"}],"replies":[{"embeddable":true,"href":"https:\/\/mont-sur-meurthe.fr\/index.php\/wp-json\/wp\/v2\/comments?post=5243"}],"version-history":[{"count":3,"href":"https:\/\/mont-sur-meurthe.fr\/index.php\/wp-json\/wp\/v2\/pages\/5243\/revisions"}],"predecessor-version":[{"id":5352,"href":"https:\/\/mont-sur-meurthe.fr\/index.php\/wp-json\/wp\/v2\/pages\/5243\/revisions\/5352"}],"wp:attachment":[{"href":"https:\/\/mont-sur-meurthe.fr\/index.php\/wp-json\/wp\/v2\/media?parent=5243"}],"curies":[{"name":"wp","href":"https:\/\/api.w.org\/{rel}","templated":true}]}}