{"id":5244,"date":"2022-03-19T19:25:32","date_gmt":"2022-03-19T18:25:32","guid":{"rendered":"http:\/\/mont-sur-meurthe.fr\/?page_id=5244"},"modified":"2022-03-22T14:00:23","modified_gmt":"2022-03-22T13:00:23","slug":"relai-parents-enfants","status":"publish","type":"page","link":"https:\/\/mont-sur-meurthe.fr\/index.php\/relai-parents-enfants\/","title":{"rendered":"Relai Parents-Enfants (ex RAM)"},"content":{"rendered":"\n<p>Les&nbsp;<strong>parents<\/strong>&nbsp;et les futurs parents peuvent y&nbsp;<strong>recevoir gratuitement des conseils et des informations sur l\u2019ensemble des modes d\u2019accueil<\/strong>. Le RPE apporte aux assistantes maternelles un soutien et un accompagnement dans leur pratique quotidienne en leur donnant la possibilit\u00e9 de se rencontrer et d\u2019\u00e9changer leurs exp\u00e9riences.<\/p>\n\n\n\n<p>Les ateliers \u00e9ducatifs (jardin d\u2019\u00e9veil, moments festifs, atelier bricolage) propos\u00e9s par le RPE en lien avec ses partenaires chaque mois constituent des temps d\u2019\u00e9veil et de socialisation pour les enfants accueillis par des assistantes maternelles. De plus, une animatrice sportive et une biblioth\u00e9caire (agents de la CC3M) interviennent ponctuellement pour\u00a0\u00e9veiller\u00a0les enfants au sport et\u00a0\u00e0 la lecture.<\/p>\n\n\n\n<p>Coordonn\u00e9es RPE<br>56, avenue Pierre Semard<br>54360 BLAINVILLE-SUR-L&rsquo;EAU<br>03 83 71 43 62<br>06 07 47 43 60\u00a0<br><a href=\"mailto:ram@cc3m.fr\">rpe@cc3m.fr<\/a><br>Animatrice :\u00a0Jessica<\/p>\n\n\n\n<div class=\"wp-block-image\"><figure class=\"aligncenter size-large is-resized\"><img fetchpriority=\"high\" decoding=\"async\" src=\"https:\/\/mont-sur-meurthe.fr\/wp-content\/uploads\/2022\/03\/RPE-724x1024.jpg\" alt=\"\" class=\"wp-image-5355\" width=\"915\" height=\"1294\" srcset=\"https:\/\/mont-sur-meurthe.fr\/wp-content\/uploads\/2022\/03\/RPE-724x1024.jpg 724w, https:\/\/mont-sur-meurthe.fr\/wp-content\/uploads\/2022\/03\/RPE-212x300.jpg 212w, https:\/\/mont-sur-meurthe.fr\/wp-content\/uploads\/2022\/03\/RPE-768x1086.jpg 768w, https:\/\/mont-sur-meurthe.fr\/wp-content\/uploads\/2022\/03\/RPE-1086x1536.jpg 1086w, https:\/\/mont-sur-meurthe.fr\/wp-content\/uploads\/2022\/03\/RPE-1448x2048.jpg 1448w, https:\/\/mont-sur-meurthe.fr\/wp-content\/uploads\/2022\/03\/RPE-600x849.jpg 600w, https:\/\/mont-sur-meurthe.fr\/wp-content\/uploads\/2022\/03\/RPE-scaled.jpg 1810w\" sizes=\"(max-width: 915px) 100vw, 915px\" \/><\/figure><\/div>\n","protected":false},"excerpt":{"rendered":"<p>Les&nbsp;parents&nbsp;et les futurs parents peuvent y&nbsp;recevoir gratuitement des conseils et des informations sur l\u2019ensemble des modes d\u2019accueil. Le RPE apporte aux assistantes maternelles un soutien et un accompagnement dans leur pratique quotidienne en leur donnant la possibilit\u00e9 de se rencontrer et d\u2019\u00e9changer leurs exp\u00e9riences. Les ateliers \u00e9ducatifs (jardin d\u2019\u00e9veil, moments festifs, atelier bricolage) propos\u00e9s par <a href=\"https:\/\/mont-sur-meurthe.fr\/index.php\/relai-parents-enfants\/\" class=\"read-more below\">READ MORE<\/a><\/p>\n","protected":false},"author":1,"featured_media":0,"parent":0,"menu_order":0,"comment_status":"closed","ping_status":"closed","template":"","meta":{"_monsterinsights_skip_tracking":false,"_monsterinsights_sitenote_active":false,"_monsterinsights_sitenote_note":"","_monsterinsights_sitenote_category":0,"_uf_show_specific_survey":0,"_uf_disable_surveys":false,"footnotes":""},"class_list":["post-5244","page","type-page","status-publish","hentry"],"aioseo_notices":[],"_links":{"self":[{"href":"https:\/\/mont-sur-meurthe.fr\/index.php\/wp-json\/wp\/v2\/pages\/5244","targetHints":{"allow":["GET"]}}],"collection":[{"href":"https:\/\/mont-sur-meurthe.fr\/index.php\/wp-json\/wp\/v2\/pages"}],"about":[{"href":"https:\/\/mont-sur-meurthe.fr\/index.php\/wp-json\/wp\/v2\/types\/page"}],"author":[{"embeddable":true,"href":"https:\/\/mont-sur-meurthe.fr\/index.php\/wp-json\/wp\/v2\/users\/1"}],"replies":[{"embeddable":true,"href":"https:\/\/mont-sur-meurthe.fr\/index.php\/wp-json\/wp\/v2\/comments?post=5244"}],"version-history":[{"count":3,"href":"https:\/\/mont-sur-meurthe.fr\/index.php\/wp-json\/wp\/v2\/pages\/5244\/revisions"}],"predecessor-version":[{"id":5356,"href":"https:\/\/mont-sur-meurthe.fr\/index.php\/wp-json\/wp\/v2\/pages\/5244\/revisions\/5356"}],"wp:attachment":[{"href":"https:\/\/mont-sur-meurthe.fr\/index.php\/wp-json\/wp\/v2\/media?parent=5244"}],"curies":[{"name":"wp","href":"https:\/\/api.w.org\/{rel}","templated":true}]}}