{"id":5261,"date":"2022-03-19T21:56:10","date_gmt":"2022-03-19T20:56:10","guid":{"rendered":"http:\/\/mont-sur-meurthe.fr\/?page_id=5261"},"modified":"2025-03-28T18:26:51","modified_gmt":"2025-03-28T17:26:51","slug":"carte-de-peche","status":"publish","type":"page","link":"https:\/\/mont-sur-meurthe.fr\/index.php\/carte-de-peche\/","title":{"rendered":"Cartes de p\u00eache"},"content":{"rendered":"<div class=\"wp-block-image is-resized\">\n<figure class=\"aligncenter size-large\"><img fetchpriority=\"high\" decoding=\"async\" width=\"1024\" height=\"768\" src=\"https:\/\/mont-sur-meurthe.fr\/wp-content\/uploads\/2022\/03\/Etangs-1024x768.png\" alt=\"\" class=\"wp-image-5064\" srcset=\"https:\/\/mont-sur-meurthe.fr\/wp-content\/uploads\/2022\/03\/Etangs-1024x768.png 1024w, https:\/\/mont-sur-meurthe.fr\/wp-content\/uploads\/2022\/03\/Etangs-300x225.png 300w, https:\/\/mont-sur-meurthe.fr\/wp-content\/uploads\/2022\/03\/Etangs-768x576.png 768w, https:\/\/mont-sur-meurthe.fr\/wp-content\/uploads\/2022\/03\/Etangs-1536x1152.png 1536w, https:\/\/mont-sur-meurthe.fr\/wp-content\/uploads\/2022\/03\/Etangs-2048x1536.png 2048w, https:\/\/mont-sur-meurthe.fr\/wp-content\/uploads\/2022\/03\/Etangs-600x450.png 600w\" sizes=\"(max-width: 1024px) 100vw, 1024px\" \/><\/figure>\n<\/div>\n\n\n<h4 class=\"wp-block-heading\">Tarifs :<\/h4>\n\n\n\n<p>Carte adulte : 40\u20ac<\/p>\n\n\n\n<p>Carte jeune (12\/18) : 20\u20ac<\/p>\n\n\n\n<p>Moins de 12 ans non accompagn\u00e9 : 5\u20ac<\/p>\n\n\n\n<p>Moins de 12 ans accompagn\u00e9 : gratuit<\/p>\n\n\n\n<p>Carte \u00e0 la journ\u00e9e : 5\u20ac<\/p>\n\n\n\n<div style=\"height:31px\" aria-hidden=\"true\" class=\"wp-block-spacer\"><\/div>\n\n\n\n<h4 class=\"wp-block-heading\">P\u00e9riodes d&rsquo;ouverture :<\/h4>\n\n\n\n<p>&nbsp;Fermeture des carnassiers du 31 janvier au 30 avril de chaque ann\u00e9e (brochets et sandres).<\/p>\n\n\n\n<div style=\"height:31px\" aria-hidden=\"true\" class=\"wp-block-spacer\"><\/div>\n\n\n\n<h4 class=\"wp-block-heading\">Contr\u00f4le de p\u00eache :<\/h4>\n\n\n\n<p>Les \u00e9lus et le garde de p\u00eache commissionn\u00e9 par la mairie sont habilit\u00e9s \u00e0 effectuer des contr\u00f4les de p\u00eache. Tous refus \u00e0 se soumettre au contr\u00f4le fera l&rsquo;objet d&rsquo;une amende.<\/p>\n\n\n\n<div style=\"height:31px\" aria-hidden=\"true\" class=\"wp-block-spacer\"><\/div>\n\n\n\n<h4 class=\"wp-block-heading\">R\u00e8glement :<\/h4>\n\n\n\n<p><a href=\"https:\/\/mont-sur-meurthe.fr\/wp-content\/uploads\/2025\/03\/ReglementPeche2024.pdf\" target=\"_blank\" rel=\"noopener\" title=\"\">Consulter le r\u00e9glement de p\u00eache<\/a>\u00a0<\/p>\n\n\n\n<p><font _mstmutation=\"1\"><\/font><\/p>\n","protected":false},"excerpt":{"rendered":"<p>Tarifs : Carte adulte : 40\u20ac Carte jeune (12\/18) : 20\u20ac Moins de 12 ans non accompagn\u00e9 : 5\u20ac Moins de 12 ans accompagn\u00e9 : gratuit Carte \u00e0 la journ\u00e9e : 5\u20ac P\u00e9riodes d&rsquo;ouverture : &nbsp;Fermeture des carnassiers du 31 janvier au 30 avril de chaque ann\u00e9e (brochets et sandres). Contr\u00f4le de p\u00eache : Les <a href=\"https:\/\/mont-sur-meurthe.fr\/index.php\/carte-de-peche\/\" class=\"read-more below\">READ MORE<\/a><\/p>\n","protected":false},"author":1,"featured_media":0,"parent":0,"menu_order":0,"comment_status":"closed","ping_status":"closed","template":"","meta":{"_monsterinsights_skip_tracking":false,"_monsterinsights_sitenote_active":false,"_monsterinsights_sitenote_note":"","_monsterinsights_sitenote_category":0,"_uf_show_specific_survey":0,"_uf_disable_surveys":false,"footnotes":""},"class_list":["post-5261","page","type-page","status-publish","hentry"],"aioseo_notices":[],"_links":{"self":[{"href":"https:\/\/mont-sur-meurthe.fr\/index.php\/wp-json\/wp\/v2\/pages\/5261","targetHints":{"allow":["GET"]}}],"collection":[{"href":"https:\/\/mont-sur-meurthe.fr\/index.php\/wp-json\/wp\/v2\/pages"}],"about":[{"href":"https:\/\/mont-sur-meurthe.fr\/index.php\/wp-json\/wp\/v2\/types\/page"}],"author":[{"embeddable":true,"href":"https:\/\/mont-sur-meurthe.fr\/index.php\/wp-json\/wp\/v2\/users\/1"}],"replies":[{"embeddable":true,"href":"https:\/\/mont-sur-meurthe.fr\/index.php\/wp-json\/wp\/v2\/comments?post=5261"}],"version-history":[{"count":13,"href":"https:\/\/mont-sur-meurthe.fr\/index.php\/wp-json\/wp\/v2\/pages\/5261\/revisions"}],"predecessor-version":[{"id":5984,"href":"https:\/\/mont-sur-meurthe.fr\/index.php\/wp-json\/wp\/v2\/pages\/5261\/revisions\/5984"}],"wp:attachment":[{"href":"https:\/\/mont-sur-meurthe.fr\/index.php\/wp-json\/wp\/v2\/media?parent=5261"}],"curies":[{"name":"wp","href":"https:\/\/api.w.org\/{rel}","templated":true}]}}